{"id":1936,"date":"2023-05-15T23:09:55","date_gmt":"2023-05-15T23:09:55","guid":{"rendered":"https:\/\/solucionsolar.cl\/solar\/producto\/curva-interior-para-canaleta-40x16mm-lexo\/"},"modified":"2023-05-15T23:09:55","modified_gmt":"2023-05-15T23:09:55","slug":"curva-interior-para-canaleta-40x16mm-lexo","status":"publish","type":"product","link":"https:\/\/solucionsolar.cl\/solar\/producto\/curva-interior-para-canaleta-40x16mm-lexo\/","title":{"rendered":"Curva interior para canaleta 40x16mm LEXO"},"content":{"rendered":"<p>La curva interior para canaleta 40x16mm LEXO es un accesorio utilizado para conectar y cambiar la direcci\u00f3n de la canaleta el\u00e9ctrica de 40x16mm. Es un componente que facilita la instalaci\u00f3n y organizaci\u00f3n de cables el\u00e9ctricos en un espacio espec\u00edfico.<\/p>\n","protected":false},"excerpt":{"rendered":"<p>La curva interior para canaleta 40x16mm LEXO es un accesorio utilizado para conectar y cambiar la direcci\u00f3n de la canaleta el\u00e9ctrica de 40x16mm. Es un componente que facilita la instalaci\u00f3n y organizaci\u00f3n de cables el\u00e9ctricos en un espacio espec\u00edfico.<\/p>\n","protected":false},"featured_media":1935,"comment_status":"open","ping_status":"closed","template":"","meta":{"_joinchat":[]},"product_brand":[],"product_cat":[56,16],"product_tag":[],"class_list":{"0":"post-1936","1":"product","2":"type-product","3":"status-publish","4":"has-post-thumbnail","6":"product_cat-canalizacion","7":"product_cat-electricidad","9":"first","10":"instock","11":"shipping-taxable","12":"purchasable","13":"product-type-simple"},"ams_default_variation_id":0,"ams_product_points_reward":[],"ams_product_discount_percentage":0,"ams_price_to_display":500,"ams_acf":[],"jetpack_sharing_enabled":true,"_links":{"self":[{"href":"https:\/\/solucionsolar.cl\/solar\/wp-json\/wp\/v2\/product\/1936","targetHints":{"allow":["GET"]}}],"collection":[{"href":"https:\/\/solucionsolar.cl\/solar\/wp-json\/wp\/v2\/product"}],"about":[{"href":"https:\/\/solucionsolar.cl\/solar\/wp-json\/wp\/v2\/types\/product"}],"replies":[{"embeddable":true,"href":"https:\/\/solucionsolar.cl\/solar\/wp-json\/wp\/v2\/comments?post=1936"}],"wp:featuredmedia":[{"embeddable":true,"href":"https:\/\/solucionsolar.cl\/solar\/wp-json\/wp\/v2\/media\/1935"}],"wp:attachment":[{"href":"https:\/\/solucionsolar.cl\/solar\/wp-json\/wp\/v2\/media?parent=1936"}],"wp:term":[{"taxonomy":"product_brand","embeddable":true,"href":"https:\/\/solucionsolar.cl\/solar\/wp-json\/wp\/v2\/product_brand?post=1936"},{"taxonomy":"product_cat","embeddable":true,"href":"https:\/\/solucionsolar.cl\/solar\/wp-json\/wp\/v2\/product_cat?post=1936"},{"taxonomy":"product_tag","embeddable":true,"href":"https:\/\/solucionsolar.cl\/solar\/wp-json\/wp\/v2\/product_tag?post=1936"}],"curies":[{"name":"wp","href":"https:\/\/api.w.org\/{rel}","templated":true}]}}