{"id":1938,"date":"2023-05-15T23:10:00","date_gmt":"2023-05-15T23:10:00","guid":{"rendered":"https:\/\/solucionsolar.cl\/solar\/producto\/boquilla-empalme-para-concentrico\/"},"modified":"2023-05-15T23:10:00","modified_gmt":"2023-05-15T23:10:00","slug":"boquilla-empalme-para-concentrico","status":"publish","type":"product","link":"https:\/\/solucionsolar.cl\/solar\/producto\/boquilla-empalme-para-concentrico\/","title":{"rendered":"Boquilla empalme para conc\u00e9ntrico"},"content":{"rendered":"<p>Una boquilla empalme para conc\u00e9ntrico es un dispositivo utilizado en instalaciones el\u00e9ctricas para conectar dos cables de forma conc\u00e9ntrica, permitiendo una transmisi\u00f3n de energ\u00eda eficiente y segura. Esta boquilla suele estar compuesta por dos partes: una secci\u00f3n externa que se conecta al cable exterior y una secci\u00f3n interna que se conecta al cable interior.<\/p>\n","protected":false},"excerpt":{"rendered":"<p>Una boquilla empalme para conc\u00e9ntrico es un dispositivo utilizado en instalaciones el\u00e9ctricas para conectar dos cables de forma conc\u00e9ntrica, permitiendo una transmisi\u00f3n de energ\u00eda eficiente y segura. Esta boquilla suele estar compuesta por dos partes: una secci\u00f3n externa que se conecta al cable exterior y una secci\u00f3n interna que se conecta al cable interior.<\/p>\n","protected":false},"featured_media":1937,"comment_status":"open","ping_status":"closed","template":"","meta":{"_joinchat":[]},"product_brand":[],"product_cat":[57,26],"product_tag":[],"class_list":{"0":"post-1938","1":"product","2":"type-product","3":"status-publish","4":"has-post-thumbnail","6":"product_cat-accesorios","7":"product_cat-empalmes","9":"first","10":"instock","11":"shipping-taxable","12":"purchasable","13":"product-type-simple"},"ams_default_variation_id":0,"ams_product_points_reward":[],"ams_product_discount_percentage":0,"ams_price_to_display":250,"ams_acf":[],"jetpack_sharing_enabled":true,"_links":{"self":[{"href":"https:\/\/solucionsolar.cl\/solar\/wp-json\/wp\/v2\/product\/1938","targetHints":{"allow":["GET"]}}],"collection":[{"href":"https:\/\/solucionsolar.cl\/solar\/wp-json\/wp\/v2\/product"}],"about":[{"href":"https:\/\/solucionsolar.cl\/solar\/wp-json\/wp\/v2\/types\/product"}],"replies":[{"embeddable":true,"href":"https:\/\/solucionsolar.cl\/solar\/wp-json\/wp\/v2\/comments?post=1938"}],"wp:featuredmedia":[{"embeddable":true,"href":"https:\/\/solucionsolar.cl\/solar\/wp-json\/wp\/v2\/media\/1937"}],"wp:attachment":[{"href":"https:\/\/solucionsolar.cl\/solar\/wp-json\/wp\/v2\/media?parent=1938"}],"wp:term":[{"taxonomy":"product_brand","embeddable":true,"href":"https:\/\/solucionsolar.cl\/solar\/wp-json\/wp\/v2\/product_brand?post=1938"},{"taxonomy":"product_cat","embeddable":true,"href":"https:\/\/solucionsolar.cl\/solar\/wp-json\/wp\/v2\/product_cat?post=1938"},{"taxonomy":"product_tag","embeddable":true,"href":"https:\/\/solucionsolar.cl\/solar\/wp-json\/wp\/v2\/product_tag?post=1938"}],"curies":[{"name":"wp","href":"https:\/\/api.w.org\/{rel}","templated":true}]}}