{"id":1944,"date":"2023-05-15T23:10:17","date_gmt":"2023-05-15T23:10:17","guid":{"rendered":"https:\/\/solucionsolar.cl\/solar\/producto\/balun-pasivo-atornillable-x2\/"},"modified":"2023-05-15T23:10:17","modified_gmt":"2023-05-15T23:10:17","slug":"balun-pasivo-atornillable-x2","status":"publish","type":"product","link":"https:\/\/solucionsolar.cl\/solar\/producto\/balun-pasivo-atornillable-x2\/","title":{"rendered":"Balun pasivo atornillable x2"},"content":{"rendered":"<p>Un balun pasivo atornillable x2 es un dispositivo que se utiliza para convertir una se\u00f1al de video anal\u00f3gica en una se\u00f1al de video digital para poder transmitirla a trav\u00e9s de un cable de red UTP Cat5e o Cat6. El balun viene en pares y es atornillable para una f\u00e1cil instalaci\u00f3n y conexi\u00f3n.<\/p>\n","protected":false},"excerpt":{"rendered":"<p>Un balun pasivo atornillable x2 es un dispositivo que se utiliza para convertir una se\u00f1al de video anal\u00f3gica en una se\u00f1al de video digital para poder transmitirla a trav\u00e9s de un cable de red UTP Cat5e o Cat6. El balun viene en pares y es atornillable para una f\u00e1cil instalaci\u00f3n y conexi\u00f3n.<\/p>\n","protected":false},"featured_media":1943,"comment_status":"open","ping_status":"closed","template":"","meta":{"_joinchat":[]},"product_brand":[],"product_cat":[16],"product_tag":[],"class_list":{"0":"post-1944","1":"product","2":"type-product","3":"status-publish","4":"has-post-thumbnail","6":"product_cat-electricidad","8":"first","9":"instock","10":"shipping-taxable","11":"purchasable","12":"product-type-simple"},"ams_default_variation_id":0,"ams_product_points_reward":[],"ams_product_discount_percentage":0,"ams_price_to_display":3500,"ams_acf":[],"jetpack_sharing_enabled":true,"_links":{"self":[{"href":"https:\/\/solucionsolar.cl\/solar\/wp-json\/wp\/v2\/product\/1944","targetHints":{"allow":["GET"]}}],"collection":[{"href":"https:\/\/solucionsolar.cl\/solar\/wp-json\/wp\/v2\/product"}],"about":[{"href":"https:\/\/solucionsolar.cl\/solar\/wp-json\/wp\/v2\/types\/product"}],"replies":[{"embeddable":true,"href":"https:\/\/solucionsolar.cl\/solar\/wp-json\/wp\/v2\/comments?post=1944"}],"wp:featuredmedia":[{"embeddable":true,"href":"https:\/\/solucionsolar.cl\/solar\/wp-json\/wp\/v2\/media\/1943"}],"wp:attachment":[{"href":"https:\/\/solucionsolar.cl\/solar\/wp-json\/wp\/v2\/media?parent=1944"}],"wp:term":[{"taxonomy":"product_brand","embeddable":true,"href":"https:\/\/solucionsolar.cl\/solar\/wp-json\/wp\/v2\/product_brand?post=1944"},{"taxonomy":"product_cat","embeddable":true,"href":"https:\/\/solucionsolar.cl\/solar\/wp-json\/wp\/v2\/product_cat?post=1944"},{"taxonomy":"product_tag","embeddable":true,"href":"https:\/\/solucionsolar.cl\/solar\/wp-json\/wp\/v2\/product_tag?post=1944"}],"curies":[{"name":"wp","href":"https:\/\/api.w.org\/{rel}","templated":true}]}}