{"id":1950,"date":"2023-05-15T23:10:37","date_gmt":"2023-05-15T23:10:37","guid":{"rendered":"https:\/\/solucionsolar.cl\/solar\/producto\/controlador-de-carga-pwm-12v-5a-epever\/"},"modified":"2023-05-15T23:10:37","modified_gmt":"2023-05-15T23:10:37","slug":"controlador-de-carga-pwm-12v-5a-epever","status":"publish","type":"product","link":"https:\/\/solucionsolar.cl\/solar\/producto\/controlador-de-carga-pwm-12v-5a-epever\/","title":{"rendered":"Controlador de carga PWM 12V 5A EPEVER"},"content":{"rendered":"<p>El controlador de carga PWM 12V 5A de EPEVER es un dispositivo que se utiliza para cargar bater\u00edas de 12V con energ\u00eda solar. Su funci\u00f3n principal es evitar la sobrecarga y la descarga excesiva de las bater\u00edas, lo que prolonga su vida \u00fatil. Tambi\u00e9n cuenta con una pantalla LED que muestra el estado de carga de la bater\u00eda y la corriente de carga. Es f\u00e1cil de instalar y operar, y es una soluci\u00f3n econ\u00f3mica para sistemas de energ\u00eda solar de baja potencia.<\/p>\n","protected":false},"excerpt":{"rendered":"<p>El controlador de carga PWM 12V 5A de EPEVER es un dispositivo que se utiliza para cargar bater\u00edas de 12V con energ\u00eda solar. Su funci\u00f3n principal es evitar la sobrecarga y la descarga excesiva de las bater\u00edas, lo que prolonga su vida \u00fatil. Tambi\u00e9n cuenta con una pantalla LED que muestra el estado de carga de la bater\u00eda y la [&hellip;]<\/p>\n","protected":false},"featured_media":1949,"comment_status":"open","ping_status":"closed","template":"","meta":{"_joinchat":[]},"product_brand":[],"product_cat":[16],"product_tag":[],"class_list":{"0":"post-1950","1":"product","2":"type-product","3":"status-publish","4":"has-post-thumbnail","6":"product_cat-electricidad","8":"first","9":"instock","10":"shipping-taxable","11":"purchasable","12":"product-type-simple"},"ams_default_variation_id":0,"ams_product_points_reward":[],"ams_product_discount_percentage":0,"ams_price_to_display":19500,"ams_acf":[],"jetpack_sharing_enabled":true,"_links":{"self":[{"href":"https:\/\/solucionsolar.cl\/solar\/wp-json\/wp\/v2\/product\/1950","targetHints":{"allow":["GET"]}}],"collection":[{"href":"https:\/\/solucionsolar.cl\/solar\/wp-json\/wp\/v2\/product"}],"about":[{"href":"https:\/\/solucionsolar.cl\/solar\/wp-json\/wp\/v2\/types\/product"}],"replies":[{"embeddable":true,"href":"https:\/\/solucionsolar.cl\/solar\/wp-json\/wp\/v2\/comments?post=1950"}],"wp:featuredmedia":[{"embeddable":true,"href":"https:\/\/solucionsolar.cl\/solar\/wp-json\/wp\/v2\/media\/1949"}],"wp:attachment":[{"href":"https:\/\/solucionsolar.cl\/solar\/wp-json\/wp\/v2\/media?parent=1950"}],"wp:term":[{"taxonomy":"product_brand","embeddable":true,"href":"https:\/\/solucionsolar.cl\/solar\/wp-json\/wp\/v2\/product_brand?post=1950"},{"taxonomy":"product_cat","embeddable":true,"href":"https:\/\/solucionsolar.cl\/solar\/wp-json\/wp\/v2\/product_cat?post=1950"},{"taxonomy":"product_tag","embeddable":true,"href":"https:\/\/solucionsolar.cl\/solar\/wp-json\/wp\/v2\/product_tag?post=1950"}],"curies":[{"name":"wp","href":"https:\/\/api.w.org\/{rel}","templated":true}]}}