{"id":1952,"date":"2023-05-15T23:10:48","date_gmt":"2023-05-15T23:10:48","guid":{"rendered":"https:\/\/solucionsolar.cl\/solar\/producto\/panel-solar-fotovoltaico-polycristalino-106w-12v\/"},"modified":"2023-05-15T23:10:48","modified_gmt":"2023-05-15T23:10:48","slug":"panel-solar-fotovoltaico-polycristalino-106w-12v","status":"publish","type":"product","link":"https:\/\/solucionsolar.cl\/solar\/producto\/panel-solar-fotovoltaico-polycristalino-106w-12v\/","title":{"rendered":"Panel Solar Fotovoltaico Polycristalino 106W 12V"},"content":{"rendered":"<p>Es un dispositivo que convierte la energ\u00eda solar en energ\u00eda el\u00e9ctrica. Este panel est\u00e1 compuesto por m\u00faltiples c\u00e9lulas solares de silicio policristalino que captan la luz solar y la convierten en corriente el\u00e9ctrica. El panel cuenta con una potencia nominal de 106W y una tensi\u00f3n m\u00e1xima de 12V, lo que lo hace ideal para su uso en sistemas de energ\u00eda solar para aplicaciones de baja potencia, como iluminaci\u00f3n exterior, sistemas de bombeo de agua, sistemas de ventilaci\u00f3n, entre otros. Adem\u00e1s, cuenta con una alta eficiencia de conversi\u00f3n de energ\u00eda solar a electricidad y es resistente a condiciones clim\u00e1ticas adversas, por lo que es ideal para uso en exteriores.<\/p>\n","protected":false},"excerpt":{"rendered":"<p>Es un dispositivo que convierte la energ\u00eda solar en energ\u00eda el\u00e9ctrica. Este panel est\u00e1 compuesto por m\u00faltiples c\u00e9lulas solares de silicio policristalino que captan la luz solar y la convierten en corriente el\u00e9ctrica. El panel cuenta con una potencia nominal de 106W y una tensi\u00f3n m\u00e1xima de 12V, lo que lo hace ideal para su uso en sistemas de energ\u00eda [&hellip;]<\/p>\n","protected":false},"featured_media":1951,"comment_status":"open","ping_status":"closed","template":"","meta":{"_joinchat":[]},"product_brand":[],"product_cat":[31],"product_tag":[],"class_list":{"0":"post-1952","1":"product","2":"type-product","3":"status-publish","4":"has-post-thumbnail","6":"product_cat-solar","8":"first","9":"instock","10":"shipping-taxable","11":"purchasable","12":"product-type-simple"},"ams_default_variation_id":0,"ams_product_points_reward":[],"ams_product_discount_percentage":0,"ams_price_to_display":69000,"ams_acf":[],"jetpack_sharing_enabled":true,"_links":{"self":[{"href":"https:\/\/solucionsolar.cl\/solar\/wp-json\/wp\/v2\/product\/1952","targetHints":{"allow":["GET"]}}],"collection":[{"href":"https:\/\/solucionsolar.cl\/solar\/wp-json\/wp\/v2\/product"}],"about":[{"href":"https:\/\/solucionsolar.cl\/solar\/wp-json\/wp\/v2\/types\/product"}],"replies":[{"embeddable":true,"href":"https:\/\/solucionsolar.cl\/solar\/wp-json\/wp\/v2\/comments?post=1952"}],"wp:featuredmedia":[{"embeddable":true,"href":"https:\/\/solucionsolar.cl\/solar\/wp-json\/wp\/v2\/media\/1951"}],"wp:attachment":[{"href":"https:\/\/solucionsolar.cl\/solar\/wp-json\/wp\/v2\/media?parent=1952"}],"wp:term":[{"taxonomy":"product_brand","embeddable":true,"href":"https:\/\/solucionsolar.cl\/solar\/wp-json\/wp\/v2\/product_brand?post=1952"},{"taxonomy":"product_cat","embeddable":true,"href":"https:\/\/solucionsolar.cl\/solar\/wp-json\/wp\/v2\/product_cat?post=1952"},{"taxonomy":"product_tag","embeddable":true,"href":"https:\/\/solucionsolar.cl\/solar\/wp-json\/wp\/v2\/product_tag?post=1952"}],"curies":[{"name":"wp","href":"https:\/\/api.w.org\/{rel}","templated":true}]}}