{"id":1958,"date":"2023-05-15T23:10:54","date_gmt":"2023-05-15T23:10:54","guid":{"rendered":"https:\/\/solucionsolar.cl\/solar\/producto\/transformador-para-piscina-12v-40w\/"},"modified":"2023-05-15T23:10:54","modified_gmt":"2023-05-15T23:10:54","slug":"transformador-para-piscina-12v-40w","status":"publish","type":"product","link":"https:\/\/solucionsolar.cl\/solar\/producto\/transformador-para-piscina-12v-40w\/","title":{"rendered":"Transformador para piscina 12V 40W"},"content":{"rendered":"<p>Es un dispositivo el\u00e9ctrico que se utiliza para convertir la corriente el\u00e9ctrica de la red el\u00e9ctrica a una corriente de bajo voltaje (12V) y baja potencia (40W), que se utiliza para alimentar las luces subacu\u00e1ticas en las piscinas. Est\u00e1 dise\u00f1ado para ser resistente a la humedad y puede soportar condiciones extremas de temperatura y humedad. El transformador se conecta a la red el\u00e9ctrica a trav\u00e9s de un cable de alimentaci\u00f3n y se conecta a las luces subacu\u00e1ticas mediante un cable de baja tensi\u00f3n. Es importante elegir un transformador de buena calidad para garantizar una alimentaci\u00f3n segura y confiable de las luces de la piscina.<\/p>\n","protected":false},"excerpt":{"rendered":"<p>Es un dispositivo el\u00e9ctrico que se utiliza para convertir la corriente el\u00e9ctrica de la red el\u00e9ctrica a una corriente de bajo voltaje (12V) y baja potencia (40W), que se utiliza para alimentar las luces subacu\u00e1ticas en las piscinas. Est\u00e1 dise\u00f1ado para ser resistente a la humedad y puede soportar condiciones extremas de temperatura y humedad. El transformador se conecta a [&hellip;]<\/p>\n","protected":false},"featured_media":15,"comment_status":"open","ping_status":"closed","template":"","meta":{"_joinchat":[]},"product_brand":[],"product_cat":[16],"product_tag":[],"class_list":{"0":"post-1958","1":"product","2":"type-product","3":"status-publish","4":"has-post-thumbnail","6":"product_cat-electricidad","8":"first","9":"instock","10":"shipping-taxable","11":"purchasable","12":"product-type-simple"},"ams_default_variation_id":0,"ams_product_points_reward":[],"ams_product_discount_percentage":0,"ams_price_to_display":32000,"ams_acf":[],"jetpack_sharing_enabled":true,"_links":{"self":[{"href":"https:\/\/solucionsolar.cl\/solar\/wp-json\/wp\/v2\/product\/1958","targetHints":{"allow":["GET"]}}],"collection":[{"href":"https:\/\/solucionsolar.cl\/solar\/wp-json\/wp\/v2\/product"}],"about":[{"href":"https:\/\/solucionsolar.cl\/solar\/wp-json\/wp\/v2\/types\/product"}],"replies":[{"embeddable":true,"href":"https:\/\/solucionsolar.cl\/solar\/wp-json\/wp\/v2\/comments?post=1958"}],"wp:featuredmedia":[{"embeddable":true,"href":"https:\/\/solucionsolar.cl\/solar\/wp-json\/wp\/v2\/media\/15"}],"wp:attachment":[{"href":"https:\/\/solucionsolar.cl\/solar\/wp-json\/wp\/v2\/media?parent=1958"}],"wp:term":[{"taxonomy":"product_brand","embeddable":true,"href":"https:\/\/solucionsolar.cl\/solar\/wp-json\/wp\/v2\/product_brand?post=1958"},{"taxonomy":"product_cat","embeddable":true,"href":"https:\/\/solucionsolar.cl\/solar\/wp-json\/wp\/v2\/product_cat?post=1958"},{"taxonomy":"product_tag","embeddable":true,"href":"https:\/\/solucionsolar.cl\/solar\/wp-json\/wp\/v2\/product_tag?post=1958"}],"curies":[{"name":"wp","href":"https:\/\/api.w.org\/{rel}","templated":true}]}}