{"id":1959,"date":"2023-05-15T23:10:56","date_gmt":"2023-05-15T23:10:56","guid":{"rendered":"https:\/\/solucionsolar.cl\/solar\/producto\/enchufe-hembra-sobrepuesta-32a-3pnt-6h-90-rojo-ip44-gewiss\/"},"modified":"2023-05-15T23:10:56","modified_gmt":"2023-05-15T23:10:56","slug":"enchufe-hembra-sobrepuesta-32a-3pnt-6h-90-rojo-ip44-gewiss","status":"publish","type":"product","link":"https:\/\/solucionsolar.cl\/solar\/producto\/enchufe-hembra-sobrepuesta-32a-3pnt-6h-90-rojo-ip44-gewiss\/","title":{"rendered":"Enchufe hembra sobrepuesta 32A 3P+N+T 6H 90\u00b0 Rojo IP44 GEWISS"},"content":{"rendered":"<p>Est\u00e1 fabricado por la marca GEWISS y est\u00e1 dise\u00f1ado para su uso en entornos industriales donde se requiere una alta resistencia y protecci\u00f3n contra la humedad y el polvo.<\/p>\n","protected":false},"excerpt":{"rendered":"<p>Est\u00e1 fabricado por la marca GEWISS y est\u00e1 dise\u00f1ado para su uso en entornos industriales donde se requiere una alta resistencia y protecci\u00f3n contra la humedad y el polvo.<\/p>\n","protected":false},"featured_media":1629,"comment_status":"open","ping_status":"closed","template":"","meta":{"_joinchat":[]},"product_brand":[],"product_cat":[16],"product_tag":[],"class_list":{"0":"post-1959","1":"product","2":"type-product","3":"status-publish","4":"has-post-thumbnail","6":"product_cat-electricidad","8":"first","9":"instock","10":"shipping-taxable","11":"purchasable","12":"product-type-simple"},"ams_default_variation_id":0,"ams_product_points_reward":[],"ams_product_discount_percentage":0,"ams_price_to_display":15800,"ams_acf":[],"jetpack_sharing_enabled":true,"_links":{"self":[{"href":"https:\/\/solucionsolar.cl\/solar\/wp-json\/wp\/v2\/product\/1959","targetHints":{"allow":["GET"]}}],"collection":[{"href":"https:\/\/solucionsolar.cl\/solar\/wp-json\/wp\/v2\/product"}],"about":[{"href":"https:\/\/solucionsolar.cl\/solar\/wp-json\/wp\/v2\/types\/product"}],"replies":[{"embeddable":true,"href":"https:\/\/solucionsolar.cl\/solar\/wp-json\/wp\/v2\/comments?post=1959"}],"wp:featuredmedia":[{"embeddable":true,"href":"https:\/\/solucionsolar.cl\/solar\/wp-json\/wp\/v2\/media\/1629"}],"wp:attachment":[{"href":"https:\/\/solucionsolar.cl\/solar\/wp-json\/wp\/v2\/media?parent=1959"}],"wp:term":[{"taxonomy":"product_brand","embeddable":true,"href":"https:\/\/solucionsolar.cl\/solar\/wp-json\/wp\/v2\/product_brand?post=1959"},{"taxonomy":"product_cat","embeddable":true,"href":"https:\/\/solucionsolar.cl\/solar\/wp-json\/wp\/v2\/product_cat?post=1959"},{"taxonomy":"product_tag","embeddable":true,"href":"https:\/\/solucionsolar.cl\/solar\/wp-json\/wp\/v2\/product_tag?post=1959"}],"curies":[{"name":"wp","href":"https:\/\/api.w.org\/{rel}","templated":true}]}}