{"id":1961,"date":"2023-05-15T23:10:57","date_gmt":"2023-05-15T23:10:57","guid":{"rendered":"https:\/\/solucionsolar.cl\/solar\/producto\/cable-utp-cat-6-armado-10mt\/"},"modified":"2023-05-15T23:10:57","modified_gmt":"2023-05-15T23:10:57","slug":"cable-utp-cat-6-armado-10mt","status":"publish","type":"product","link":"https:\/\/solucionsolar.cl\/solar\/producto\/cable-utp-cat-6-armado-10mt\/","title":{"rendered":"Cable UTP CAT 6 armado 10mt"},"content":{"rendered":"<p>Es un cable de par trenzado sin blindaje (UTP) que cumple con la categor\u00eda 6 y est\u00e1 dise\u00f1ado para soportar velocidades de transmisi\u00f3n de hasta 10 Gbps. Este tipo de cable es utilizado en redes de computadoras para la transmisi\u00f3n de datos, voz y video. La armadura presente en el cable ayuda a protegerlo de factores ambientales adversos como la humedad y la interferencia electromagn\u00e9tica. Adem\u00e1s, el largo de 10 metros lo hace adecuado para conexiones cortas en la misma habitaci\u00f3n o espacio.<\/p>\n","protected":false},"excerpt":{"rendered":"<p>Es un cable de par trenzado sin blindaje (UTP) que cumple con la categor\u00eda 6 y est\u00e1 dise\u00f1ado para soportar velocidades de transmisi\u00f3n de hasta 10 Gbps. Este tipo de cable es utilizado en redes de computadoras para la transmisi\u00f3n de datos, voz y video. La armadura presente en el cable ayuda a protegerlo de factores ambientales adversos como la [&hellip;]<\/p>\n","protected":false},"featured_media":1960,"comment_status":"open","ping_status":"closed","template":"","meta":{"_joinchat":[]},"product_brand":[],"product_cat":[16],"product_tag":[],"class_list":{"0":"post-1961","1":"product","2":"type-product","3":"status-publish","4":"has-post-thumbnail","6":"product_cat-electricidad","8":"first","9":"instock","10":"shipping-taxable","11":"purchasable","12":"product-type-simple"},"ams_default_variation_id":0,"ams_product_points_reward":[],"ams_product_discount_percentage":0,"ams_price_to_display":7000,"ams_acf":[],"jetpack_sharing_enabled":true,"_links":{"self":[{"href":"https:\/\/solucionsolar.cl\/solar\/wp-json\/wp\/v2\/product\/1961","targetHints":{"allow":["GET"]}}],"collection":[{"href":"https:\/\/solucionsolar.cl\/solar\/wp-json\/wp\/v2\/product"}],"about":[{"href":"https:\/\/solucionsolar.cl\/solar\/wp-json\/wp\/v2\/types\/product"}],"replies":[{"embeddable":true,"href":"https:\/\/solucionsolar.cl\/solar\/wp-json\/wp\/v2\/comments?post=1961"}],"wp:featuredmedia":[{"embeddable":true,"href":"https:\/\/solucionsolar.cl\/solar\/wp-json\/wp\/v2\/media\/1960"}],"wp:attachment":[{"href":"https:\/\/solucionsolar.cl\/solar\/wp-json\/wp\/v2\/media?parent=1961"}],"wp:term":[{"taxonomy":"product_brand","embeddable":true,"href":"https:\/\/solucionsolar.cl\/solar\/wp-json\/wp\/v2\/product_brand?post=1961"},{"taxonomy":"product_cat","embeddable":true,"href":"https:\/\/solucionsolar.cl\/solar\/wp-json\/wp\/v2\/product_cat?post=1961"},{"taxonomy":"product_tag","embeddable":true,"href":"https:\/\/solucionsolar.cl\/solar\/wp-json\/wp\/v2\/product_tag?post=1961"}],"curies":[{"name":"wp","href":"https:\/\/api.w.org\/{rel}","templated":true}]}}