{"id":1963,"date":"2023-05-15T23:10:59","date_gmt":"2023-05-15T23:10:59","guid":{"rendered":"https:\/\/solucionsolar.cl\/solar\/producto\/salida-de-caja-tipo-terminal-c-tuerca-pvc-20mm\/"},"modified":"2023-05-15T23:10:59","modified_gmt":"2023-05-15T23:10:59","slug":"salida-de-caja-tipo-terminal-c-tuerca-pvc-20mm","status":"publish","type":"product","link":"https:\/\/solucionsolar.cl\/solar\/producto\/salida-de-caja-tipo-terminal-c-tuerca-pvc-20mm\/","title":{"rendered":"Salida de caja tipo terminal c\/tuerca pvc 20mm"},"content":{"rendered":"<p>Es una pieza de forma cil\u00edndrica que se introduce en un orificio de la caja y se sujeta mediante una tuerca. En su interior cuenta con bornes que permiten la conexi\u00f3n de los cables el\u00e9ctricos de manera segura y estable. Este tipo de accesorio se utiliza com\u00fanmente en instalaciones el\u00e9ctricas en edificios, viviendas, industrias y otros lugares donde se requiere una conexi\u00f3n segura y fiable.<\/p>\n","protected":false},"excerpt":{"rendered":"<p>Es una pieza de forma cil\u00edndrica que se introduce en un orificio de la caja y se sujeta mediante una tuerca. En su interior cuenta con bornes que permiten la conexi\u00f3n de los cables el\u00e9ctricos de manera segura y estable. Este tipo de accesorio se utiliza com\u00fanmente en instalaciones el\u00e9ctricas en edificios, viviendas, industrias y otros lugares donde se requiere [&hellip;]<\/p>\n","protected":false},"featured_media":1962,"comment_status":"open","ping_status":"closed","template":"","meta":{"_joinchat":[]},"product_brand":[],"product_cat":[16],"product_tag":[],"class_list":{"0":"post-1963","1":"product","2":"type-product","3":"status-publish","4":"has-post-thumbnail","6":"product_cat-electricidad","8":"first","9":"instock","10":"shipping-taxable","11":"purchasable","12":"product-type-simple"},"ams_default_variation_id":0,"ams_product_points_reward":[],"ams_product_discount_percentage":0,"ams_price_to_display":230,"ams_acf":[],"jetpack_sharing_enabled":true,"_links":{"self":[{"href":"https:\/\/solucionsolar.cl\/solar\/wp-json\/wp\/v2\/product\/1963","targetHints":{"allow":["GET"]}}],"collection":[{"href":"https:\/\/solucionsolar.cl\/solar\/wp-json\/wp\/v2\/product"}],"about":[{"href":"https:\/\/solucionsolar.cl\/solar\/wp-json\/wp\/v2\/types\/product"}],"replies":[{"embeddable":true,"href":"https:\/\/solucionsolar.cl\/solar\/wp-json\/wp\/v2\/comments?post=1963"}],"wp:featuredmedia":[{"embeddable":true,"href":"https:\/\/solucionsolar.cl\/solar\/wp-json\/wp\/v2\/media\/1962"}],"wp:attachment":[{"href":"https:\/\/solucionsolar.cl\/solar\/wp-json\/wp\/v2\/media?parent=1963"}],"wp:term":[{"taxonomy":"product_brand","embeddable":true,"href":"https:\/\/solucionsolar.cl\/solar\/wp-json\/wp\/v2\/product_brand?post=1963"},{"taxonomy":"product_cat","embeddable":true,"href":"https:\/\/solucionsolar.cl\/solar\/wp-json\/wp\/v2\/product_cat?post=1963"},{"taxonomy":"product_tag","embeddable":true,"href":"https:\/\/solucionsolar.cl\/solar\/wp-json\/wp\/v2\/product_tag?post=1963"}],"curies":[{"name":"wp","href":"https:\/\/api.w.org\/{rel}","templated":true}]}}