{"id":1966,"date":"2023-05-15T23:11:05","date_gmt":"2023-05-15T23:11:05","guid":{"rendered":"https:\/\/solucionsolar.cl\/solar\/producto\/caja-para-empalme-reducida-7010-pmd-med-disco-policarbonato-uv-riel-din\/"},"modified":"2023-05-15T23:11:05","modified_gmt":"2023-05-15T23:11:05","slug":"caja-para-empalme-reducida-7010-pmd-med-disco-policarbonato-uv-riel-din","status":"publish","type":"product","link":"https:\/\/solucionsolar.cl\/solar\/producto\/caja-para-empalme-reducida-7010-pmd-med-disco-policarbonato-uv-riel-din\/","title":{"rendered":"Caja para empalme reducida 7010-PMD med. disco Policarbonato UV (Riel DIN)"},"content":{"rendered":"<p>La Caja para empalme reducida 7010-PMD med. disco Policarbonato UV es un componente el\u00e9ctrico dise\u00f1ado para contener y proteger empalmes el\u00e9ctricos. Est\u00e1 fabricada con policarbonato resistente a los rayos UV, lo que la hace adecuada para su uso en exteriores y en ambientes con exposici\u00f3n solar. Tiene un tama\u00f1o reducido y est\u00e1 dise\u00f1ada para ser montada en un riel DIN est\u00e1ndar.<\/p>\n","protected":false},"excerpt":{"rendered":"<p>La Caja para empalme reducida 7010-PMD med. disco Policarbonato UV es un componente el\u00e9ctrico dise\u00f1ado para contener y proteger empalmes el\u00e9ctricos. Est\u00e1 fabricada con policarbonato resistente a los rayos UV, lo que la hace adecuada para su uso en exteriores y en ambientes con exposici\u00f3n solar. Tiene un tama\u00f1o reducido y est\u00e1 dise\u00f1ada para ser montada en un riel DIN [&hellip;]<\/p>\n","protected":false},"featured_media":1965,"comment_status":"open","ping_status":"closed","template":"","meta":{"_joinchat":[]},"product_brand":[],"product_cat":[16],"product_tag":[],"class_list":{"0":"post-1966","1":"product","2":"type-product","3":"status-publish","4":"has-post-thumbnail","6":"product_cat-electricidad","8":"first","9":"instock","10":"shipping-taxable","11":"purchasable","12":"product-type-simple"},"ams_default_variation_id":0,"ams_product_points_reward":[],"ams_product_discount_percentage":0,"ams_price_to_display":20000,"ams_acf":[],"jetpack_sharing_enabled":true,"_links":{"self":[{"href":"https:\/\/solucionsolar.cl\/solar\/wp-json\/wp\/v2\/product\/1966","targetHints":{"allow":["GET"]}}],"collection":[{"href":"https:\/\/solucionsolar.cl\/solar\/wp-json\/wp\/v2\/product"}],"about":[{"href":"https:\/\/solucionsolar.cl\/solar\/wp-json\/wp\/v2\/types\/product"}],"replies":[{"embeddable":true,"href":"https:\/\/solucionsolar.cl\/solar\/wp-json\/wp\/v2\/comments?post=1966"}],"wp:featuredmedia":[{"embeddable":true,"href":"https:\/\/solucionsolar.cl\/solar\/wp-json\/wp\/v2\/media\/1965"}],"wp:attachment":[{"href":"https:\/\/solucionsolar.cl\/solar\/wp-json\/wp\/v2\/media?parent=1966"}],"wp:term":[{"taxonomy":"product_brand","embeddable":true,"href":"https:\/\/solucionsolar.cl\/solar\/wp-json\/wp\/v2\/product_brand?post=1966"},{"taxonomy":"product_cat","embeddable":true,"href":"https:\/\/solucionsolar.cl\/solar\/wp-json\/wp\/v2\/product_cat?post=1966"},{"taxonomy":"product_tag","embeddable":true,"href":"https:\/\/solucionsolar.cl\/solar\/wp-json\/wp\/v2\/product_tag?post=1966"}],"curies":[{"name":"wp","href":"https:\/\/api.w.org\/{rel}","templated":true}]}}