{"id":215,"date":"2023-05-13T22:24:01","date_gmt":"2023-05-13T22:24:01","guid":{"rendered":"https:\/\/solucionsolar.cl\/solar\/producto\/alicate-pelacables-automatico-0-5-3-2mm-20-12-awg-lexo\/"},"modified":"2023-05-13T22:24:01","modified_gmt":"2023-05-13T22:24:01","slug":"alicate-pelacables-automatico-0-5-3-2mm-20-12-awg-lexo","status":"publish","type":"product","link":"https:\/\/solucionsolar.cl\/solar\/producto\/alicate-pelacables-automatico-0-5-3-2mm-20-12-awg-lexo\/","title":{"rendered":"Alicate pelacables autom\u00e1tico 0.5-3.2mm (20-12 AWG) LEXO"},"content":{"rendered":"<p>Es una herramienta de mano dise\u00f1ada para pelar y cortar cables de diferentes tama\u00f1os. Este alicate pelacables autom\u00e1tico est\u00e1 dise\u00f1ado para pelar cables con un di\u00e1metro de 0.5-3.2 mm (20-12 AWG) con facilidad.<\/p>\n","protected":false},"excerpt":{"rendered":"<p>Es una herramienta de mano dise\u00f1ada para pelar y cortar cables de diferentes tama\u00f1os. Este alicate pelacables autom\u00e1tico est\u00e1 dise\u00f1ado para pelar cables con un di\u00e1metro de 0.5-3.2 mm (20-12 AWG) con facilidad.<\/p>\n","protected":false},"featured_media":214,"comment_status":"open","ping_status":"closed","template":"","meta":{"_joinchat":[]},"product_brand":[],"product_cat":[30,29],"product_tag":[],"class_list":{"0":"post-215","1":"product","2":"type-product","3":"status-publish","4":"has-post-thumbnail","6":"product_cat-alicates","7":"product_cat-herramientas","9":"first","10":"instock","11":"shipping-taxable","12":"purchasable","13":"product-type-simple"},"ams_default_variation_id":0,"ams_product_points_reward":[],"ams_product_discount_percentage":0,"ams_price_to_display":8000,"ams_acf":[],"jetpack_sharing_enabled":true,"_links":{"self":[{"href":"https:\/\/solucionsolar.cl\/solar\/wp-json\/wp\/v2\/product\/215","targetHints":{"allow":["GET"]}}],"collection":[{"href":"https:\/\/solucionsolar.cl\/solar\/wp-json\/wp\/v2\/product"}],"about":[{"href":"https:\/\/solucionsolar.cl\/solar\/wp-json\/wp\/v2\/types\/product"}],"replies":[{"embeddable":true,"href":"https:\/\/solucionsolar.cl\/solar\/wp-json\/wp\/v2\/comments?post=215"}],"wp:featuredmedia":[{"embeddable":true,"href":"https:\/\/solucionsolar.cl\/solar\/wp-json\/wp\/v2\/media\/214"}],"wp:attachment":[{"href":"https:\/\/solucionsolar.cl\/solar\/wp-json\/wp\/v2\/media?parent=215"}],"wp:term":[{"taxonomy":"product_brand","embeddable":true,"href":"https:\/\/solucionsolar.cl\/solar\/wp-json\/wp\/v2\/product_brand?post=215"},{"taxonomy":"product_cat","embeddable":true,"href":"https:\/\/solucionsolar.cl\/solar\/wp-json\/wp\/v2\/product_cat?post=215"},{"taxonomy":"product_tag","embeddable":true,"href":"https:\/\/solucionsolar.cl\/solar\/wp-json\/wp\/v2\/product_tag?post=215"}],"curies":[{"name":"wp","href":"https:\/\/api.w.org\/{rel}","templated":true}]}}