{"id":22,"date":"2023-05-13T22:19:44","date_gmt":"2023-05-13T22:19:44","guid":{"rendered":"https:\/\/solucionsolar.cl\/solar\/producto\/terminal-para-emt-20mm\/"},"modified":"2023-05-13T22:19:44","modified_gmt":"2023-05-13T22:19:44","slug":"terminal-para-emt-20mm","status":"publish","type":"product","link":"https:\/\/solucionsolar.cl\/solar\/producto\/terminal-para-emt-20mm\/","title":{"rendered":"Terminal para EMT 20mm"},"content":{"rendered":"<p>Un terminal para EMT de 20mm es un accesorio para tuber\u00edas el\u00e9ctricas que permite su conexi\u00f3n y fijaci\u00f3n. Este tipo de terminal es compatible con tuber\u00edas de 20mm de di\u00e1metro exterior y se utiliza en instalaciones el\u00e9ctricas para asegurar la correcta conducci\u00f3n de los cables y protegerlos contra da\u00f1os mec\u00e1nicos.<\/p>\n","protected":false},"excerpt":{"rendered":"<p>Un terminal para EMT de 20mm es un accesorio para tuber\u00edas el\u00e9ctricas que permite su conexi\u00f3n y fijaci\u00f3n. Este tipo de terminal es compatible con tuber\u00edas de 20mm de di\u00e1metro exterior y se utiliza en instalaciones el\u00e9ctricas para asegurar la correcta conducci\u00f3n de los cables y protegerlos contra da\u00f1os mec\u00e1nicos.<\/p>\n","protected":false},"featured_media":21,"comment_status":"open","ping_status":"closed","template":"","meta":{"_joinchat":[]},"product_brand":[],"product_cat":[17],"product_tag":[],"class_list":{"0":"post-22","1":"product","2":"type-product","3":"status-publish","4":"has-post-thumbnail","6":"product_cat-ferreteria","8":"first","9":"instock","10":"shipping-taxable","11":"purchasable","12":"product-type-simple"},"ams_default_variation_id":0,"ams_product_points_reward":[],"ams_product_discount_percentage":0,"ams_price_to_display":450,"ams_acf":[],"jetpack_sharing_enabled":true,"_links":{"self":[{"href":"https:\/\/solucionsolar.cl\/solar\/wp-json\/wp\/v2\/product\/22","targetHints":{"allow":["GET"]}}],"collection":[{"href":"https:\/\/solucionsolar.cl\/solar\/wp-json\/wp\/v2\/product"}],"about":[{"href":"https:\/\/solucionsolar.cl\/solar\/wp-json\/wp\/v2\/types\/product"}],"replies":[{"embeddable":true,"href":"https:\/\/solucionsolar.cl\/solar\/wp-json\/wp\/v2\/comments?post=22"}],"wp:featuredmedia":[{"embeddable":true,"href":"https:\/\/solucionsolar.cl\/solar\/wp-json\/wp\/v2\/media\/21"}],"wp:attachment":[{"href":"https:\/\/solucionsolar.cl\/solar\/wp-json\/wp\/v2\/media?parent=22"}],"wp:term":[{"taxonomy":"product_brand","embeddable":true,"href":"https:\/\/solucionsolar.cl\/solar\/wp-json\/wp\/v2\/product_brand?post=22"},{"taxonomy":"product_cat","embeddable":true,"href":"https:\/\/solucionsolar.cl\/solar\/wp-json\/wp\/v2\/product_cat?post=22"},{"taxonomy":"product_tag","embeddable":true,"href":"https:\/\/solucionsolar.cl\/solar\/wp-json\/wp\/v2\/product_tag?post=22"}],"curies":[{"name":"wp","href":"https:\/\/api.w.org\/{rel}","templated":true}]}}