{"id":221,"date":"2023-05-13T22:24:09","date_gmt":"2023-05-13T22:24:09","guid":{"rendered":"https:\/\/solucionsolar.cl\/solar\/producto\/aprieta-terminales-05-10mm2-20-8awg-lexo\/"},"modified":"2023-05-13T22:24:09","modified_gmt":"2023-05-13T22:24:09","slug":"aprieta-terminales-05-10mm2-20-8awg-lexo","status":"publish","type":"product","link":"https:\/\/solucionsolar.cl\/solar\/producto\/aprieta-terminales-05-10mm2-20-8awg-lexo\/","title":{"rendered":"Aprieta terminales 0,5-10mm2 (20-8AWG) LEXO"},"content":{"rendered":"<p>Es una herramienta manual dise\u00f1ada para terminar y unir cables el\u00e9ctricos. Esta herramienta es adecuada para terminales aislados y sin aislamiento de 0,5-10mm2 (20-8 AWG), El aprieta terminales de LEXO cuenta con una mand\u00edbula con ranuras especialmente dise\u00f1adas para colocar los terminales el\u00e9ctricos de forma segura. Al utilizar la herramienta, las mand\u00edbulas presionan los terminales el\u00e9ctricos y los fijan a los cables.<\/p>\n","protected":false},"excerpt":{"rendered":"<p>Es una herramienta manual dise\u00f1ada para terminar y unir cables el\u00e9ctricos. Esta herramienta es adecuada para terminales aislados y sin aislamiento de 0,5-10mm2 (20-8 AWG), El aprieta terminales de LEXO cuenta con una mand\u00edbula con ranuras especialmente dise\u00f1adas para colocar los terminales el\u00e9ctricos de forma segura. Al utilizar la herramienta, las mand\u00edbulas presionan los terminales el\u00e9ctricos y los fijan a [&hellip;]<\/p>\n","protected":false},"featured_media":220,"comment_status":"open","ping_status":"closed","template":"","meta":{"_joinchat":[]},"product_brand":[],"product_cat":[29],"product_tag":[],"class_list":{"0":"post-221","1":"product","2":"type-product","3":"status-publish","4":"has-post-thumbnail","6":"product_cat-herramientas","8":"first","9":"instock","10":"shipping-taxable","11":"purchasable","12":"product-type-simple"},"ams_default_variation_id":0,"ams_product_points_reward":[],"ams_product_discount_percentage":0,"ams_price_to_display":9500,"ams_acf":[],"jetpack_sharing_enabled":true,"_links":{"self":[{"href":"https:\/\/solucionsolar.cl\/solar\/wp-json\/wp\/v2\/product\/221","targetHints":{"allow":["GET"]}}],"collection":[{"href":"https:\/\/solucionsolar.cl\/solar\/wp-json\/wp\/v2\/product"}],"about":[{"href":"https:\/\/solucionsolar.cl\/solar\/wp-json\/wp\/v2\/types\/product"}],"replies":[{"embeddable":true,"href":"https:\/\/solucionsolar.cl\/solar\/wp-json\/wp\/v2\/comments?post=221"}],"wp:featuredmedia":[{"embeddable":true,"href":"https:\/\/solucionsolar.cl\/solar\/wp-json\/wp\/v2\/media\/220"}],"wp:attachment":[{"href":"https:\/\/solucionsolar.cl\/solar\/wp-json\/wp\/v2\/media?parent=221"}],"wp:term":[{"taxonomy":"product_brand","embeddable":true,"href":"https:\/\/solucionsolar.cl\/solar\/wp-json\/wp\/v2\/product_brand?post=221"},{"taxonomy":"product_cat","embeddable":true,"href":"https:\/\/solucionsolar.cl\/solar\/wp-json\/wp\/v2\/product_cat?post=221"},{"taxonomy":"product_tag","embeddable":true,"href":"https:\/\/solucionsolar.cl\/solar\/wp-json\/wp\/v2\/product_tag?post=221"}],"curies":[{"name":"wp","href":"https:\/\/api.w.org\/{rel}","templated":true}]}}