{"id":2210,"date":"2023-05-23T20:43:51","date_gmt":"2023-05-23T20:43:51","guid":{"rendered":"https:\/\/solucionsolar.cl\/solar\/producto\/ampolleta-led-6w-e14-3-000k-p45-wellmax\/"},"modified":"2026-04-05T14:24:01","modified_gmt":"2026-04-05T14:24:01","slug":"ampolleta-led-6w-e14-3-000k-p45-wellmax","status":"publish","type":"product","link":"https:\/\/solucionsolar.cl\/solar\/producto\/ampolleta-led-6w-e14-3-000k-p45-wellmax\/","title":{"rendered":"Ampolleta LED 6W E14 3.000K (P45) WELLMAX"},"content":{"rendered":"<p>Es una opci\u00f3n de iluminaci\u00f3n c\u00e1lida y eficiente. Con una potencia de 6W, proporciona una luz suave y acogedora en un tono de 3.000K, perfecto para crear ambientes relajantes y confortables. Su base E14 la hace compatible con una amplia variedad de l\u00e1mparas y apliques. Adem\u00e1s, su tecnolog\u00eda LED de bajo consumo de energ\u00eda garantiza una larga vida \u00fatil y un rendimiento confiable.<\/p>\n","protected":false},"excerpt":{"rendered":"<p>Es una opci\u00f3n de iluminaci\u00f3n c\u00e1lida y eficiente. Con una potencia de 6W, proporciona una luz suave y acogedora en un tono de 3.000K, perfecto para crear ambientes relajantes y confortables. Su base E14 la hace compatible con una amplia variedad de l\u00e1mparas y apliques. Adem\u00e1s, su tecnolog\u00eda LED de bajo consumo de energ\u00eda garantiza una larga vida \u00fatil y [&hellip;]<\/p>\n","protected":false},"featured_media":2191,"comment_status":"open","ping_status":"closed","template":"","meta":{"_joinchat":[]},"product_brand":[],"product_cat":[44],"product_tag":[],"class_list":{"0":"post-2210","1":"product","2":"type-product","3":"status-publish","4":"has-post-thumbnail","6":"product_cat-iluminacion","8":"first","9":"instock","10":"shipping-taxable","11":"purchasable","12":"product-type-simple"},"ams_default_variation_id":0,"ams_product_points_reward":[],"ams_product_discount_percentage":0,"ams_price_to_display":1400,"ams_acf":[],"jetpack_sharing_enabled":true,"_links":{"self":[{"href":"https:\/\/solucionsolar.cl\/solar\/wp-json\/wp\/v2\/product\/2210","targetHints":{"allow":["GET"]}}],"collection":[{"href":"https:\/\/solucionsolar.cl\/solar\/wp-json\/wp\/v2\/product"}],"about":[{"href":"https:\/\/solucionsolar.cl\/solar\/wp-json\/wp\/v2\/types\/product"}],"replies":[{"embeddable":true,"href":"https:\/\/solucionsolar.cl\/solar\/wp-json\/wp\/v2\/comments?post=2210"}],"wp:featuredmedia":[{"embeddable":true,"href":"https:\/\/solucionsolar.cl\/solar\/wp-json\/wp\/v2\/media\/2191"}],"wp:attachment":[{"href":"https:\/\/solucionsolar.cl\/solar\/wp-json\/wp\/v2\/media?parent=2210"}],"wp:term":[{"taxonomy":"product_brand","embeddable":true,"href":"https:\/\/solucionsolar.cl\/solar\/wp-json\/wp\/v2\/product_brand?post=2210"},{"taxonomy":"product_cat","embeddable":true,"href":"https:\/\/solucionsolar.cl\/solar\/wp-json\/wp\/v2\/product_cat?post=2210"},{"taxonomy":"product_tag","embeddable":true,"href":"https:\/\/solucionsolar.cl\/solar\/wp-json\/wp\/v2\/product_tag?post=2210"}],"curies":[{"name":"wp","href":"https:\/\/api.w.org\/{rel}","templated":true}]}}