{"id":2211,"date":"2023-05-23T20:43:59","date_gmt":"2023-05-23T20:43:59","guid":{"rendered":"https:\/\/solucionsolar.cl\/solar\/producto\/automatico-2x32a-6k-c-legrand\/"},"modified":"2026-03-13T06:12:03","modified_gmt":"2026-03-13T06:12:03","slug":"automatico-2x32a-6k-c-legrand","status":"publish","type":"product","link":"https:\/\/solucionsolar.cl\/solar\/producto\/automatico-2x32a-6k-c-legrand\/","title":{"rendered":"Autom\u00e1tico 2X32A 6K C LEGRAND"},"content":{"rendered":"<p>Es un dispositivo de protecci\u00f3n el\u00e9ctrica confiable y eficiente. Dise\u00f1ado con una capacidad de carga de 32 amperios, este autom\u00e1tico es capaz de proteger los circuitos el\u00e9ctricos de sobrecargas y cortocircuitos. Su clasificaci\u00f3n de 6kA indica su capacidad para manejar altos niveles de corriente sin comprometer su funcionamiento.<\/p>\n","protected":false},"excerpt":{"rendered":"<p>Es un dispositivo de protecci\u00f3n el\u00e9ctrica confiable y eficiente. Dise\u00f1ado con una capacidad de carga de 32 amperios, este autom\u00e1tico es capaz de proteger los circuitos el\u00e9ctricos de sobrecargas y cortocircuitos. Su clasificaci\u00f3n de 6kA indica su capacidad para manejar altos niveles de corriente sin comprometer su funcionamiento.<\/p>\n","protected":false},"featured_media":2222,"comment_status":"open","ping_status":"closed","template":"","meta":{"_joinchat":[]},"product_brand":[],"product_cat":[39,16],"product_tag":[],"class_list":{"0":"post-2211","1":"product","2":"type-product","3":"status-publish","4":"has-post-thumbnail","6":"product_cat-automaticos","7":"product_cat-electricidad","9":"first","10":"instock","11":"shipping-taxable","12":"purchasable","13":"product-type-simple"},"ams_default_variation_id":0,"ams_product_points_reward":[],"ams_product_discount_percentage":0,"ams_price_to_display":8500,"ams_acf":[],"jetpack_sharing_enabled":true,"_links":{"self":[{"href":"https:\/\/solucionsolar.cl\/solar\/wp-json\/wp\/v2\/product\/2211","targetHints":{"allow":["GET"]}}],"collection":[{"href":"https:\/\/solucionsolar.cl\/solar\/wp-json\/wp\/v2\/product"}],"about":[{"href":"https:\/\/solucionsolar.cl\/solar\/wp-json\/wp\/v2\/types\/product"}],"replies":[{"embeddable":true,"href":"https:\/\/solucionsolar.cl\/solar\/wp-json\/wp\/v2\/comments?post=2211"}],"wp:featuredmedia":[{"embeddable":true,"href":"https:\/\/solucionsolar.cl\/solar\/wp-json\/wp\/v2\/media\/2222"}],"wp:attachment":[{"href":"https:\/\/solucionsolar.cl\/solar\/wp-json\/wp\/v2\/media?parent=2211"}],"wp:term":[{"taxonomy":"product_brand","embeddable":true,"href":"https:\/\/solucionsolar.cl\/solar\/wp-json\/wp\/v2\/product_brand?post=2211"},{"taxonomy":"product_cat","embeddable":true,"href":"https:\/\/solucionsolar.cl\/solar\/wp-json\/wp\/v2\/product_cat?post=2211"},{"taxonomy":"product_tag","embeddable":true,"href":"https:\/\/solucionsolar.cl\/solar\/wp-json\/wp\/v2\/product_tag?post=2211"}],"curies":[{"name":"wp","href":"https:\/\/api.w.org\/{rel}","templated":true}]}}