{"id":239,"date":"2023-05-13T22:24:34","date_gmt":"2023-05-13T22:24:34","guid":{"rendered":"https:\/\/solucionsolar.cl\/solar\/producto\/picota-pta-rama-55-lbs-c-mango\/"},"modified":"2023-05-13T22:24:34","modified_gmt":"2023-05-13T22:24:34","slug":"picota-pta-rama-55-lbs-c-mango","status":"publish","type":"product","link":"https:\/\/solucionsolar.cl\/solar\/producto\/picota-pta-rama-55-lbs-c-mango\/","title":{"rendered":"Picota Pta\/Rama 5,5 Lbs c\/mango"},"content":{"rendered":"<p>Es una herramienta utilizada para la construcci\u00f3n, agricultura, jardiner\u00eda, entre otros. Est\u00e1 dise\u00f1ada para cavar en suelos duros y romper piedras, y cuenta con una cabeza de acero forjado y un mango ergon\u00f3mico.<\/p>\n","protected":false},"excerpt":{"rendered":"<p>Es una herramienta utilizada para la construcci\u00f3n, agricultura, jardiner\u00eda, entre otros. Est\u00e1 dise\u00f1ada para cavar en suelos duros y romper piedras, y cuenta con una cabeza de acero forjado y un mango ergon\u00f3mico.<\/p>\n","protected":false},"featured_media":238,"comment_status":"open","ping_status":"closed","template":"","meta":{"_joinchat":[]},"product_brand":[],"product_cat":[29],"product_tag":[],"class_list":{"0":"post-239","1":"product","2":"type-product","3":"status-publish","4":"has-post-thumbnail","6":"product_cat-herramientas","8":"first","9":"instock","10":"shipping-taxable","11":"purchasable","12":"product-type-simple"},"ams_default_variation_id":0,"ams_product_points_reward":[],"ams_product_discount_percentage":0,"ams_price_to_display":12500,"ams_acf":[],"jetpack_sharing_enabled":true,"_links":{"self":[{"href":"https:\/\/solucionsolar.cl\/solar\/wp-json\/wp\/v2\/product\/239","targetHints":{"allow":["GET"]}}],"collection":[{"href":"https:\/\/solucionsolar.cl\/solar\/wp-json\/wp\/v2\/product"}],"about":[{"href":"https:\/\/solucionsolar.cl\/solar\/wp-json\/wp\/v2\/types\/product"}],"replies":[{"embeddable":true,"href":"https:\/\/solucionsolar.cl\/solar\/wp-json\/wp\/v2\/comments?post=239"}],"wp:featuredmedia":[{"embeddable":true,"href":"https:\/\/solucionsolar.cl\/solar\/wp-json\/wp\/v2\/media\/238"}],"wp:attachment":[{"href":"https:\/\/solucionsolar.cl\/solar\/wp-json\/wp\/v2\/media?parent=239"}],"wp:term":[{"taxonomy":"product_brand","embeddable":true,"href":"https:\/\/solucionsolar.cl\/solar\/wp-json\/wp\/v2\/product_brand?post=239"},{"taxonomy":"product_cat","embeddable":true,"href":"https:\/\/solucionsolar.cl\/solar\/wp-json\/wp\/v2\/product_cat?post=239"},{"taxonomy":"product_tag","embeddable":true,"href":"https:\/\/solucionsolar.cl\/solar\/wp-json\/wp\/v2\/product_tag?post=239"}],"curies":[{"name":"wp","href":"https:\/\/api.w.org\/{rel}","templated":true}]}}