{"id":245,"date":"2023-05-13T22:24:41","date_gmt":"2023-05-13T22:24:41","guid":{"rendered":"https:\/\/solucionsolar.cl\/solar\/producto\/set-de-alicates-3-piezas-total\/"},"modified":"2023-05-13T22:24:41","modified_gmt":"2023-05-13T22:24:41","slug":"set-de-alicates-3-piezas-total","status":"publish","type":"product","link":"https:\/\/solucionsolar.cl\/solar\/producto\/set-de-alicates-3-piezas-total\/","title":{"rendered":"Set de alicates (3 piezas) TOTAL"},"content":{"rendered":"<p>Es una herramienta manual que incluye tres alicates diferentes para diferentes aplicaciones. Los alicates est\u00e1n fabricados con materiales de alta calidad para garantizar su durabilidad y resistencia, y est\u00e1n dise\u00f1ados para proporcionar un agarre c\u00f3modo y seguro.<\/p>\n","protected":false},"excerpt":{"rendered":"<p>Es una herramienta manual que incluye tres alicates diferentes para diferentes aplicaciones. Los alicates est\u00e1n fabricados con materiales de alta calidad para garantizar su durabilidad y resistencia, y est\u00e1n dise\u00f1ados para proporcionar un agarre c\u00f3modo y seguro.<\/p>\n","protected":false},"featured_media":244,"comment_status":"open","ping_status":"closed","template":"","meta":{"_joinchat":[]},"product_brand":[],"product_cat":[30,16],"product_tag":[],"class_list":{"0":"post-245","1":"product","2":"type-product","3":"status-publish","4":"has-post-thumbnail","6":"product_cat-alicates","7":"product_cat-electricidad","9":"first","10":"instock","11":"shipping-taxable","12":"purchasable","13":"product-type-simple"},"ams_default_variation_id":0,"ams_product_points_reward":[],"ams_product_discount_percentage":0,"ams_price_to_display":12000,"ams_acf":[],"jetpack_sharing_enabled":true,"_links":{"self":[{"href":"https:\/\/solucionsolar.cl\/solar\/wp-json\/wp\/v2\/product\/245","targetHints":{"allow":["GET"]}}],"collection":[{"href":"https:\/\/solucionsolar.cl\/solar\/wp-json\/wp\/v2\/product"}],"about":[{"href":"https:\/\/solucionsolar.cl\/solar\/wp-json\/wp\/v2\/types\/product"}],"replies":[{"embeddable":true,"href":"https:\/\/solucionsolar.cl\/solar\/wp-json\/wp\/v2\/comments?post=245"}],"wp:featuredmedia":[{"embeddable":true,"href":"https:\/\/solucionsolar.cl\/solar\/wp-json\/wp\/v2\/media\/244"}],"wp:attachment":[{"href":"https:\/\/solucionsolar.cl\/solar\/wp-json\/wp\/v2\/media?parent=245"}],"wp:term":[{"taxonomy":"product_brand","embeddable":true,"href":"https:\/\/solucionsolar.cl\/solar\/wp-json\/wp\/v2\/product_brand?post=245"},{"taxonomy":"product_cat","embeddable":true,"href":"https:\/\/solucionsolar.cl\/solar\/wp-json\/wp\/v2\/product_cat?post=245"},{"taxonomy":"product_tag","embeddable":true,"href":"https:\/\/solucionsolar.cl\/solar\/wp-json\/wp\/v2\/product_tag?post=245"}],"curies":[{"name":"wp","href":"https:\/\/api.w.org\/{rel}","templated":true}]}}