{"id":247,"date":"2023-05-13T22:24:44","date_gmt":"2023-05-13T22:24:44","guid":{"rendered":"https:\/\/solucionsolar.cl\/solar\/producto\/sierra-caladora-650w-total\/"},"modified":"2023-05-13T22:24:44","modified_gmt":"2023-05-13T22:24:44","slug":"sierra-caladora-650w-total","status":"publish","type":"product","link":"https:\/\/solucionsolar.cl\/solar\/producto\/sierra-caladora-650w-total\/","title":{"rendered":"Sierra caladora 650W TOTAL"},"content":{"rendered":"<p>Es una herramienta el\u00e9ctrica que se utiliza para hacer cortes precisos en una variedad de materiales, como madera, metal, pl\u00e1stico y cer\u00e1mica. Con una potencia de 650 vatios, esta sierra caladora es capaz de realizar cortes r\u00e1pidos y precisos en materiales de hasta 65 mm de espesor en madera y 8 mm en acero. Tambi\u00e9n cuenta con una velocidad variable para adaptarse a diferentes materiales y una funci\u00f3n de soplado de polvo para mantener el \u00e1rea de trabajo limpia y libre de escombros. La sierra caladora tambi\u00e9n tiene una base ajustable para cortes en \u00e1ngulo y un sistema de cambio de hoja sin herramientas para facilitar su uso.<\/p>\n","protected":false},"excerpt":{"rendered":"<p>Es una herramienta el\u00e9ctrica que se utiliza para hacer cortes precisos en una variedad de materiales, como madera, metal, pl\u00e1stico y cer\u00e1mica. Con una potencia de 650 vatios, esta sierra caladora es capaz de realizar cortes r\u00e1pidos y precisos en materiales de hasta 65 mm de espesor en madera y 8 mm en acero. Tambi\u00e9n cuenta con una velocidad variable [&hellip;]<\/p>\n","protected":false},"featured_media":246,"comment_status":"open","ping_status":"closed","template":"","meta":{"_joinchat":[]},"product_brand":[],"product_cat":[29],"product_tag":[],"class_list":{"0":"post-247","1":"product","2":"type-product","3":"status-publish","4":"has-post-thumbnail","6":"product_cat-herramientas","8":"first","9":"instock","10":"shipping-taxable","11":"purchasable","12":"product-type-simple"},"ams_default_variation_id":0,"ams_product_points_reward":[],"ams_product_discount_percentage":0,"ams_price_to_display":59900,"ams_acf":[],"jetpack_sharing_enabled":true,"_links":{"self":[{"href":"https:\/\/solucionsolar.cl\/solar\/wp-json\/wp\/v2\/product\/247","targetHints":{"allow":["GET"]}}],"collection":[{"href":"https:\/\/solucionsolar.cl\/solar\/wp-json\/wp\/v2\/product"}],"about":[{"href":"https:\/\/solucionsolar.cl\/solar\/wp-json\/wp\/v2\/types\/product"}],"replies":[{"embeddable":true,"href":"https:\/\/solucionsolar.cl\/solar\/wp-json\/wp\/v2\/comments?post=247"}],"wp:featuredmedia":[{"embeddable":true,"href":"https:\/\/solucionsolar.cl\/solar\/wp-json\/wp\/v2\/media\/246"}],"wp:attachment":[{"href":"https:\/\/solucionsolar.cl\/solar\/wp-json\/wp\/v2\/media?parent=247"}],"wp:term":[{"taxonomy":"product_brand","embeddable":true,"href":"https:\/\/solucionsolar.cl\/solar\/wp-json\/wp\/v2\/product_brand?post=247"},{"taxonomy":"product_cat","embeddable":true,"href":"https:\/\/solucionsolar.cl\/solar\/wp-json\/wp\/v2\/product_cat?post=247"},{"taxonomy":"product_tag","embeddable":true,"href":"https:\/\/solucionsolar.cl\/solar\/wp-json\/wp\/v2\/product_tag?post=247"}],"curies":[{"name":"wp","href":"https:\/\/api.w.org\/{rel}","templated":true}]}}