{"id":251,"date":"2023-05-13T22:24:49","date_gmt":"2023-05-13T22:24:49","guid":{"rendered":"https:\/\/solucionsolar.cl\/solar\/producto\/serrucho-poda-en-altura-rayun\/"},"modified":"2023-05-13T22:24:49","modified_gmt":"2023-05-13T22:24:49","slug":"serrucho-poda-en-altura-rayun","status":"publish","type":"product","link":"https:\/\/solucionsolar.cl\/solar\/producto\/serrucho-poda-en-altura-rayun\/","title":{"rendered":"Serrucho poda en Altura Rayun"},"content":{"rendered":"<p>El serrucho de poda en altura de la marca Rayun es una herramienta dise\u00f1ada para la poda de \u00e1rboles y ramas en lugares de dif\u00edcil acceso. Este serrucho cuenta con una hoja de acero de alta calidad y dientes afilados y duraderos que permiten un corte suave y limpio. Su mango ergon\u00f3mico y antideslizante proporciona un agarre c\u00f3modo y seguro, incluso en condiciones h\u00famedas o resbaladizas.<\/p>\n","protected":false},"excerpt":{"rendered":"<p>El serrucho de poda en altura de la marca Rayun es una herramienta dise\u00f1ada para la poda de \u00e1rboles y ramas en lugares de dif\u00edcil acceso. Este serrucho cuenta con una hoja de acero de alta calidad y dientes afilados y duraderos que permiten un corte suave y limpio. Su mango ergon\u00f3mico y antideslizante proporciona un agarre c\u00f3modo y seguro, [&hellip;]<\/p>\n","protected":false},"featured_media":250,"comment_status":"open","ping_status":"closed","template":"","meta":{"_joinchat":[]},"product_brand":[],"product_cat":[23,29],"product_tag":[],"class_list":{"0":"post-251","1":"product","2":"type-product","3":"status-publish","4":"has-post-thumbnail","6":"product_cat-casa-y-jardin","7":"product_cat-herramientas","9":"first","10":"instock","11":"shipping-taxable","12":"purchasable","13":"product-type-simple"},"ams_default_variation_id":0,"ams_product_points_reward":[],"ams_product_discount_percentage":0,"ams_price_to_display":5900,"ams_acf":[],"jetpack_sharing_enabled":true,"_links":{"self":[{"href":"https:\/\/solucionsolar.cl\/solar\/wp-json\/wp\/v2\/product\/251","targetHints":{"allow":["GET"]}}],"collection":[{"href":"https:\/\/solucionsolar.cl\/solar\/wp-json\/wp\/v2\/product"}],"about":[{"href":"https:\/\/solucionsolar.cl\/solar\/wp-json\/wp\/v2\/types\/product"}],"replies":[{"embeddable":true,"href":"https:\/\/solucionsolar.cl\/solar\/wp-json\/wp\/v2\/comments?post=251"}],"wp:featuredmedia":[{"embeddable":true,"href":"https:\/\/solucionsolar.cl\/solar\/wp-json\/wp\/v2\/media\/250"}],"wp:attachment":[{"href":"https:\/\/solucionsolar.cl\/solar\/wp-json\/wp\/v2\/media?parent=251"}],"wp:term":[{"taxonomy":"product_brand","embeddable":true,"href":"https:\/\/solucionsolar.cl\/solar\/wp-json\/wp\/v2\/product_brand?post=251"},{"taxonomy":"product_cat","embeddable":true,"href":"https:\/\/solucionsolar.cl\/solar\/wp-json\/wp\/v2\/product_cat?post=251"},{"taxonomy":"product_tag","embeddable":true,"href":"https:\/\/solucionsolar.cl\/solar\/wp-json\/wp\/v2\/product_tag?post=251"}],"curies":[{"name":"wp","href":"https:\/\/api.w.org\/{rel}","templated":true}]}}