{"id":255,"date":"2023-05-13T22:24:55","date_gmt":"2023-05-13T22:24:55","guid":{"rendered":"https:\/\/solucionsolar.cl\/solar\/producto\/alicate-pelacables-multiuso-6-lexo\/"},"modified":"2023-05-13T22:24:55","modified_gmt":"2023-05-13T22:24:55","slug":"alicate-pelacables-multiuso-6-lexo","status":"publish","type":"product","link":"https:\/\/solucionsolar.cl\/solar\/producto\/alicate-pelacables-multiuso-6-lexo\/","title":{"rendered":"Alicate pelacables multiuso 6&#8243; LEXO"},"content":{"rendered":"<p>Es una herramienta manual dise\u00f1ada para cortar, pelar y doblar cables y alambres de diferentes tama\u00f1os y tipos. Este alicate es una herramienta imprescindible en cualquier caja de herramientas y es ideal para trabajos el\u00e9ctricos y electr\u00f3nicos en el hogar, taller o en el lugar de trabajo.<\/p>\n","protected":false},"excerpt":{"rendered":"<p>Es una herramienta manual dise\u00f1ada para cortar, pelar y doblar cables y alambres de diferentes tama\u00f1os y tipos. Este alicate es una herramienta imprescindible en cualquier caja de herramientas y es ideal para trabajos el\u00e9ctricos y electr\u00f3nicos en el hogar, taller o en el lugar de trabajo.<\/p>\n","protected":false},"featured_media":254,"comment_status":"open","ping_status":"closed","template":"","meta":{"_joinchat":[]},"product_brand":[],"product_cat":[30,16],"product_tag":[],"class_list":{"0":"post-255","1":"product","2":"type-product","3":"status-publish","4":"has-post-thumbnail","6":"product_cat-alicates","7":"product_cat-electricidad","9":"first","10":"instock","11":"shipping-taxable","12":"purchasable","13":"product-type-simple"},"ams_default_variation_id":0,"ams_product_points_reward":[],"ams_product_discount_percentage":0,"ams_price_to_display":3500,"ams_acf":[],"jetpack_sharing_enabled":true,"_links":{"self":[{"href":"https:\/\/solucionsolar.cl\/solar\/wp-json\/wp\/v2\/product\/255","targetHints":{"allow":["GET"]}}],"collection":[{"href":"https:\/\/solucionsolar.cl\/solar\/wp-json\/wp\/v2\/product"}],"about":[{"href":"https:\/\/solucionsolar.cl\/solar\/wp-json\/wp\/v2\/types\/product"}],"replies":[{"embeddable":true,"href":"https:\/\/solucionsolar.cl\/solar\/wp-json\/wp\/v2\/comments?post=255"}],"wp:featuredmedia":[{"embeddable":true,"href":"https:\/\/solucionsolar.cl\/solar\/wp-json\/wp\/v2\/media\/254"}],"wp:attachment":[{"href":"https:\/\/solucionsolar.cl\/solar\/wp-json\/wp\/v2\/media?parent=255"}],"wp:term":[{"taxonomy":"product_brand","embeddable":true,"href":"https:\/\/solucionsolar.cl\/solar\/wp-json\/wp\/v2\/product_brand?post=255"},{"taxonomy":"product_cat","embeddable":true,"href":"https:\/\/solucionsolar.cl\/solar\/wp-json\/wp\/v2\/product_cat?post=255"},{"taxonomy":"product_tag","embeddable":true,"href":"https:\/\/solucionsolar.cl\/solar\/wp-json\/wp\/v2\/product_tag?post=255"}],"curies":[{"name":"wp","href":"https:\/\/api.w.org\/{rel}","templated":true}]}}