{"id":259,"date":"2023-05-13T22:25:03","date_gmt":"2023-05-13T22:25:03","guid":{"rendered":"https:\/\/solucionsolar.cl\/solar\/producto\/alicate-punta-6-1kv-lexo\/"},"modified":"2023-05-13T22:25:03","modified_gmt":"2023-05-13T22:25:03","slug":"alicate-punta-6-1kv-lexo","status":"publish","type":"product","link":"https:\/\/solucionsolar.cl\/solar\/producto\/alicate-punta-6-1kv-lexo\/","title":{"rendered":"Alicate punta 6&#8243; 1KV LEXO"},"content":{"rendered":"<p>Es una herramienta manual dise\u00f1ada para agarrar, doblar, cortar y sujetar cables y alambres de diferentes tama\u00f1os y tipos. Es una herramienta indispensable para cualquier caja de herramientas, y es ideal para trabajos el\u00e9ctricos y electr\u00f3nicos en el hogar, taller o en el lugar de trabajo.<\/p>\n","protected":false},"excerpt":{"rendered":"<p>Es una herramienta manual dise\u00f1ada para agarrar, doblar, cortar y sujetar cables y alambres de diferentes tama\u00f1os y tipos. Es una herramienta indispensable para cualquier caja de herramientas, y es ideal para trabajos el\u00e9ctricos y electr\u00f3nicos en el hogar, taller o en el lugar de trabajo.<\/p>\n","protected":false},"featured_media":258,"comment_status":"open","ping_status":"closed","template":"","meta":{"_joinchat":[]},"product_brand":[],"product_cat":[30,16],"product_tag":[],"class_list":{"0":"post-259","1":"product","2":"type-product","3":"status-publish","4":"has-post-thumbnail","6":"product_cat-alicates","7":"product_cat-electricidad","9":"first","10":"instock","11":"shipping-taxable","12":"purchasable","13":"product-type-simple"},"ams_default_variation_id":0,"ams_product_points_reward":[],"ams_product_discount_percentage":0,"ams_price_to_display":6500,"ams_acf":[],"jetpack_sharing_enabled":true,"_links":{"self":[{"href":"https:\/\/solucionsolar.cl\/solar\/wp-json\/wp\/v2\/product\/259","targetHints":{"allow":["GET"]}}],"collection":[{"href":"https:\/\/solucionsolar.cl\/solar\/wp-json\/wp\/v2\/product"}],"about":[{"href":"https:\/\/solucionsolar.cl\/solar\/wp-json\/wp\/v2\/types\/product"}],"replies":[{"embeddable":true,"href":"https:\/\/solucionsolar.cl\/solar\/wp-json\/wp\/v2\/comments?post=259"}],"wp:featuredmedia":[{"embeddable":true,"href":"https:\/\/solucionsolar.cl\/solar\/wp-json\/wp\/v2\/media\/258"}],"wp:attachment":[{"href":"https:\/\/solucionsolar.cl\/solar\/wp-json\/wp\/v2\/media?parent=259"}],"wp:term":[{"taxonomy":"product_brand","embeddable":true,"href":"https:\/\/solucionsolar.cl\/solar\/wp-json\/wp\/v2\/product_brand?post=259"},{"taxonomy":"product_cat","embeddable":true,"href":"https:\/\/solucionsolar.cl\/solar\/wp-json\/wp\/v2\/product_cat?post=259"},{"taxonomy":"product_tag","embeddable":true,"href":"https:\/\/solucionsolar.cl\/solar\/wp-json\/wp\/v2\/product_tag?post=259"}],"curies":[{"name":"wp","href":"https:\/\/api.w.org\/{rel}","templated":true}]}}