{"id":26,"date":"2023-05-13T22:19:46","date_gmt":"2023-05-13T22:19:46","guid":{"rendered":"https:\/\/solucionsolar.cl\/solar\/producto\/cable-l-halogeno-15mm-colores-50mt\/"},"modified":"2023-05-13T22:19:46","modified_gmt":"2023-05-13T22:19:46","slug":"cable-l-halogeno-15mm-colores-50mt","status":"publish","type":"product","link":"https:\/\/solucionsolar.cl\/solar\/producto\/cable-l-halogeno-15mm-colores-50mt\/","title":{"rendered":"Cable L\/Hal\u00f3geno 1,5mm Colores (50mt)"},"content":{"rendered":"<p>Es un cable el\u00e9ctrico que se utiliza en instalaciones el\u00e9ctricas en las que se requiere un alto nivel de seguridad y protecci\u00f3n.<\/p>\n<p>Este tipo de cable se caracteriza por estar fabricado con materiales de alta calidad, que le confieren propiedades ign\u00edfugas y de baja emisi\u00f3n de humo en caso de incendio, lo que lo hace especialmente adecuado para su uso en edificios y lugares con alto tr\u00e1fico de personas.<\/p>\n","protected":false},"excerpt":{"rendered":"<p>Es un cable el\u00e9ctrico que se utiliza en instalaciones el\u00e9ctricas en las que se requiere un alto nivel de seguridad y protecci\u00f3n. Este tipo de cable se caracteriza por estar fabricado con materiales de alta calidad, que le confieren propiedades ign\u00edfugas y de baja emisi\u00f3n de humo en caso de incendio, lo que lo hace especialmente adecuado para su uso [&hellip;]<\/p>\n","protected":false},"featured_media":25,"comment_status":"open","ping_status":"closed","template":"","meta":{"_joinchat":[]},"product_brand":[],"product_cat":[18,16],"product_tag":[],"class_list":{"0":"post-26","1":"product","2":"type-product","3":"status-publish","4":"has-post-thumbnail","6":"product_cat-cables","7":"product_cat-electricidad","9":"first","10":"instock","11":"shipping-taxable","12":"purchasable","13":"product-type-simple"},"ams_default_variation_id":0,"ams_product_points_reward":[],"ams_product_discount_percentage":0,"ams_price_to_display":15000,"ams_acf":[],"jetpack_sharing_enabled":true,"_links":{"self":[{"href":"https:\/\/solucionsolar.cl\/solar\/wp-json\/wp\/v2\/product\/26","targetHints":{"allow":["GET"]}}],"collection":[{"href":"https:\/\/solucionsolar.cl\/solar\/wp-json\/wp\/v2\/product"}],"about":[{"href":"https:\/\/solucionsolar.cl\/solar\/wp-json\/wp\/v2\/types\/product"}],"replies":[{"embeddable":true,"href":"https:\/\/solucionsolar.cl\/solar\/wp-json\/wp\/v2\/comments?post=26"}],"wp:featuredmedia":[{"embeddable":true,"href":"https:\/\/solucionsolar.cl\/solar\/wp-json\/wp\/v2\/media\/25"}],"wp:attachment":[{"href":"https:\/\/solucionsolar.cl\/solar\/wp-json\/wp\/v2\/media?parent=26"}],"wp:term":[{"taxonomy":"product_brand","embeddable":true,"href":"https:\/\/solucionsolar.cl\/solar\/wp-json\/wp\/v2\/product_brand?post=26"},{"taxonomy":"product_cat","embeddable":true,"href":"https:\/\/solucionsolar.cl\/solar\/wp-json\/wp\/v2\/product_cat?post=26"},{"taxonomy":"product_tag","embeddable":true,"href":"https:\/\/solucionsolar.cl\/solar\/wp-json\/wp\/v2\/product_tag?post=26"}],"curies":[{"name":"wp","href":"https:\/\/api.w.org\/{rel}","templated":true}]}}