{"id":263,"date":"2023-05-13T22:25:10","date_gmt":"2023-05-13T22:25:10","guid":{"rendered":"https:\/\/solucionsolar.cl\/solar\/producto\/luminaria-solar-30w-c-sensor-de-movimiento-logic\/"},"modified":"2023-05-13T22:25:10","modified_gmt":"2023-05-13T22:25:10","slug":"luminaria-solar-30w-c-sensor-de-movimiento-logic","status":"publish","type":"product","link":"https:\/\/solucionsolar.cl\/solar\/producto\/luminaria-solar-30w-c-sensor-de-movimiento-logic\/","title":{"rendered":"Luminaria Solar 30W c\/sensor de movimiento LOGIC"},"content":{"rendered":"<p>Es una l\u00e1mpara que funciona con energ\u00eda solar y cuenta con un panel fotovoltaico integrado que se encarga de captar la energ\u00eda del sol durante el d\u00eda para almacenarla en una bater\u00eda interna y utilizarla durante la noche. La l\u00e1mpara cuenta con un sensor de movimiento que permite detectar la presencia de personas y encender autom\u00e1ticamente la luz para mejorar la seguridad en el \u00e1rea iluminada. La luminaria tiene una potencia de 30W y est\u00e1 dise\u00f1ada para uso en exteriores, ya que cuenta con una protecci\u00f3n IP65 contra el polvo y la lluvia.<\/p>\n","protected":false},"excerpt":{"rendered":"<p>Es una l\u00e1mpara que funciona con energ\u00eda solar y cuenta con un panel fotovoltaico integrado que se encarga de captar la energ\u00eda del sol durante el d\u00eda para almacenarla en una bater\u00eda interna y utilizarla durante la noche. La l\u00e1mpara cuenta con un sensor de movimiento que permite detectar la presencia de personas y encender autom\u00e1ticamente la luz para mejorar [&hellip;]<\/p>\n","protected":false},"featured_media":262,"comment_status":"open","ping_status":"closed","template":"","meta":{"_joinchat":[]},"product_brand":[],"product_cat":[32,31],"product_tag":[],"class_list":{"0":"post-263","1":"product","2":"type-product","3":"status-publish","4":"has-post-thumbnail","6":"product_cat-poste-solar","7":"product_cat-solar","9":"first","10":"instock","11":"shipping-taxable","12":"purchasable","13":"product-type-simple"},"ams_default_variation_id":0,"ams_product_points_reward":[],"ams_product_discount_percentage":0,"ams_price_to_display":23000,"ams_acf":[],"jetpack_sharing_enabled":true,"_links":{"self":[{"href":"https:\/\/solucionsolar.cl\/solar\/wp-json\/wp\/v2\/product\/263","targetHints":{"allow":["GET"]}}],"collection":[{"href":"https:\/\/solucionsolar.cl\/solar\/wp-json\/wp\/v2\/product"}],"about":[{"href":"https:\/\/solucionsolar.cl\/solar\/wp-json\/wp\/v2\/types\/product"}],"replies":[{"embeddable":true,"href":"https:\/\/solucionsolar.cl\/solar\/wp-json\/wp\/v2\/comments?post=263"}],"wp:featuredmedia":[{"embeddable":true,"href":"https:\/\/solucionsolar.cl\/solar\/wp-json\/wp\/v2\/media\/262"}],"wp:attachment":[{"href":"https:\/\/solucionsolar.cl\/solar\/wp-json\/wp\/v2\/media?parent=263"}],"wp:term":[{"taxonomy":"product_brand","embeddable":true,"href":"https:\/\/solucionsolar.cl\/solar\/wp-json\/wp\/v2\/product_brand?post=263"},{"taxonomy":"product_cat","embeddable":true,"href":"https:\/\/solucionsolar.cl\/solar\/wp-json\/wp\/v2\/product_cat?post=263"},{"taxonomy":"product_tag","embeddable":true,"href":"https:\/\/solucionsolar.cl\/solar\/wp-json\/wp\/v2\/product_tag?post=263"}],"curies":[{"name":"wp","href":"https:\/\/api.w.org\/{rel}","templated":true}]}}