{"id":265,"date":"2023-05-13T22:25:12","date_gmt":"2023-05-13T22:25:12","guid":{"rendered":"https:\/\/solucionsolar.cl\/solar\/producto\/luminaria-solar-20w-c-sensor-de-movimiento-logic\/"},"modified":"2023-05-13T22:25:12","modified_gmt":"2023-05-13T22:25:12","slug":"luminaria-solar-20w-c-sensor-de-movimiento-logic","status":"publish","type":"product","link":"https:\/\/solucionsolar.cl\/solar\/producto\/luminaria-solar-20w-c-sensor-de-movimiento-logic\/","title":{"rendered":"Luminaria Solar 20W c\/sensor de movimiento LOGIC"},"content":{"rendered":"<p>La Luminaria Solar 20W c\/sensor de movimiento LOGIC es un dispositivo de iluminaci\u00f3n dise\u00f1ado para funcionar con energ\u00eda solar, lo que la hace una alternativa eficiente y sostenible para la iluminaci\u00f3n exterior. Esta luminaria cuenta con un panel solar integrado que se encarga de capturar la energ\u00eda solar durante el d\u00eda y almacenarla en una bater\u00eda recargable de alta capacidad, para que pueda ser utilizada durante la noche.<\/p>\n","protected":false},"excerpt":{"rendered":"<p>La Luminaria Solar 20W c\/sensor de movimiento LOGIC es un dispositivo de iluminaci\u00f3n dise\u00f1ado para funcionar con energ\u00eda solar, lo que la hace una alternativa eficiente y sostenible para la iluminaci\u00f3n exterior. Esta luminaria cuenta con un panel solar integrado que se encarga de capturar la energ\u00eda solar durante el d\u00eda y almacenarla en una bater\u00eda recargable de alta capacidad, [&hellip;]<\/p>\n","protected":false},"featured_media":264,"comment_status":"open","ping_status":"closed","template":"","meta":{"_joinchat":[]},"product_brand":[],"product_cat":[32,31],"product_tag":[],"class_list":{"0":"post-265","1":"product","2":"type-product","3":"status-publish","4":"has-post-thumbnail","6":"product_cat-poste-solar","7":"product_cat-solar","9":"first","10":"instock","11":"shipping-taxable","12":"purchasable","13":"product-type-simple"},"ams_default_variation_id":0,"ams_product_points_reward":[],"ams_product_discount_percentage":0,"ams_price_to_display":25000,"ams_acf":[],"jetpack_sharing_enabled":true,"_links":{"self":[{"href":"https:\/\/solucionsolar.cl\/solar\/wp-json\/wp\/v2\/product\/265","targetHints":{"allow":["GET"]}}],"collection":[{"href":"https:\/\/solucionsolar.cl\/solar\/wp-json\/wp\/v2\/product"}],"about":[{"href":"https:\/\/solucionsolar.cl\/solar\/wp-json\/wp\/v2\/types\/product"}],"replies":[{"embeddable":true,"href":"https:\/\/solucionsolar.cl\/solar\/wp-json\/wp\/v2\/comments?post=265"}],"wp:featuredmedia":[{"embeddable":true,"href":"https:\/\/solucionsolar.cl\/solar\/wp-json\/wp\/v2\/media\/264"}],"wp:attachment":[{"href":"https:\/\/solucionsolar.cl\/solar\/wp-json\/wp\/v2\/media?parent=265"}],"wp:term":[{"taxonomy":"product_brand","embeddable":true,"href":"https:\/\/solucionsolar.cl\/solar\/wp-json\/wp\/v2\/product_brand?post=265"},{"taxonomy":"product_cat","embeddable":true,"href":"https:\/\/solucionsolar.cl\/solar\/wp-json\/wp\/v2\/product_cat?post=265"},{"taxonomy":"product_tag","embeddable":true,"href":"https:\/\/solucionsolar.cl\/solar\/wp-json\/wp\/v2\/product_tag?post=265"}],"curies":[{"name":"wp","href":"https:\/\/api.w.org\/{rel}","templated":true}]}}