{"id":268,"date":"2023-05-13T22:25:19","date_gmt":"2023-05-13T22:25:19","guid":{"rendered":"https:\/\/solucionsolar.cl\/solar\/producto\/luminaria-solar-90w-c-sensor-de-movimiento-logic\/"},"modified":"2023-05-13T22:25:19","modified_gmt":"2023-05-13T22:25:19","slug":"luminaria-solar-90w-c-sensor-de-movimiento-logic","status":"publish","type":"product","link":"https:\/\/solucionsolar.cl\/solar\/producto\/luminaria-solar-90w-c-sensor-de-movimiento-logic\/","title":{"rendered":"Luminaria Solar 90W c\/sensor de movimiento LOGIC"},"content":{"rendered":"<p>La Luminaria Solar 90W con sensor de movimiento LOGIC es la soluci\u00f3n perfecta para iluminar \u00e1reas exteriores de manera eficiente, econ\u00f3mica y respetuosa con el medio ambiente. Esta luminaria cuenta con una potencia de 90W y un sensor de movimiento que detecta la presencia de personas o animales, activando autom\u00e1ticamente la iluminaci\u00f3n,<br \/>\nla instalaci\u00f3n de la Luminaria Solar 90W c\/sensor de movimiento LOGIC es muy sencilla, ya que no requiere de cables ni de conexiones el\u00e9ctricas. Simplemente debe ser ubicada en una zona donde reciba luz solar directa durante el d\u00eda y estar\u00e1 lista para su uso. Adem\u00e1s, su dise\u00f1o moderno y elegante la hace perfecta para cualquier entorno exterior, ya sea un jard\u00edn, un parque, una entrada de veh\u00edculos, entre otros.<\/p>\n","protected":false},"excerpt":{"rendered":"<p>La Luminaria Solar 90W con sensor de movimiento LOGIC es la soluci\u00f3n perfecta para iluminar \u00e1reas exteriores de manera eficiente, econ\u00f3mica y respetuosa con el medio ambiente. Esta luminaria cuenta con una potencia de 90W y un sensor de movimiento que detecta la presencia de personas o animales, activando autom\u00e1ticamente la iluminaci\u00f3n, la instalaci\u00f3n de la Luminaria Solar 90W c\/sensor [&hellip;]<\/p>\n","protected":false},"featured_media":262,"comment_status":"open","ping_status":"closed","template":"","meta":{"_joinchat":[]},"product_brand":[],"product_cat":[32,31],"product_tag":[],"class_list":{"0":"post-268","1":"product","2":"type-product","3":"status-publish","4":"has-post-thumbnail","6":"product_cat-poste-solar","7":"product_cat-solar","9":"first","10":"instock","11":"shipping-taxable","12":"purchasable","13":"product-type-simple"},"ams_default_variation_id":0,"ams_product_points_reward":[],"ams_product_discount_percentage":0,"ams_price_to_display":50000,"ams_acf":[],"jetpack_sharing_enabled":true,"_links":{"self":[{"href":"https:\/\/solucionsolar.cl\/solar\/wp-json\/wp\/v2\/product\/268","targetHints":{"allow":["GET"]}}],"collection":[{"href":"https:\/\/solucionsolar.cl\/solar\/wp-json\/wp\/v2\/product"}],"about":[{"href":"https:\/\/solucionsolar.cl\/solar\/wp-json\/wp\/v2\/types\/product"}],"replies":[{"embeddable":true,"href":"https:\/\/solucionsolar.cl\/solar\/wp-json\/wp\/v2\/comments?post=268"}],"wp:featuredmedia":[{"embeddable":true,"href":"https:\/\/solucionsolar.cl\/solar\/wp-json\/wp\/v2\/media\/262"}],"wp:attachment":[{"href":"https:\/\/solucionsolar.cl\/solar\/wp-json\/wp\/v2\/media?parent=268"}],"wp:term":[{"taxonomy":"product_brand","embeddable":true,"href":"https:\/\/solucionsolar.cl\/solar\/wp-json\/wp\/v2\/product_brand?post=268"},{"taxonomy":"product_cat","embeddable":true,"href":"https:\/\/solucionsolar.cl\/solar\/wp-json\/wp\/v2\/product_cat?post=268"},{"taxonomy":"product_tag","embeddable":true,"href":"https:\/\/solucionsolar.cl\/solar\/wp-json\/wp\/v2\/product_tag?post=268"}],"curies":[{"name":"wp","href":"https:\/\/api.w.org\/{rel}","templated":true}]}}