{"id":270,"date":"2023-05-13T22:25:24","date_gmt":"2023-05-13T22:25:24","guid":{"rendered":"https:\/\/solucionsolar.cl\/solar\/producto\/kit-solar-60w-vkb\/"},"modified":"2023-05-13T22:25:24","modified_gmt":"2023-05-13T22:25:24","slug":"kit-solar-60w-vkb","status":"publish","type":"product","link":"https:\/\/solucionsolar.cl\/solar\/producto\/kit-solar-60w-vkb\/","title":{"rendered":"Kit solar 60W VKB"},"content":{"rendered":"<p>Proyector Solar 60W VKB es una alternativa sostenible y econ\u00f3mica a las luminarias convencionales que funcionan con electricidad de la red. Utiliza la energ\u00eda del sol, una fuente de energ\u00eda renovable y gratuita, lo que permite ahorrar dinero en facturas de energ\u00eda y reducir la huella de carbono.<\/p>\n","protected":false},"excerpt":{"rendered":"<p>Proyector Solar 60W VKB es una alternativa sostenible y econ\u00f3mica a las luminarias convencionales que funcionan con electricidad de la red. Utiliza la energ\u00eda del sol, una fuente de energ\u00eda renovable y gratuita, lo que permite ahorrar dinero en facturas de energ\u00eda y reducir la huella de carbono.<\/p>\n","protected":false},"featured_media":269,"comment_status":"open","ping_status":"closed","template":"","meta":{"_joinchat":[]},"product_brand":[],"product_cat":[34,31],"product_tag":[],"class_list":{"0":"post-270","1":"product","2":"type-product","3":"status-publish","4":"has-post-thumbnail","6":"product_cat-iluminacion-solar","7":"product_cat-solar","9":"first","10":"instock","11":"shipping-taxable","12":"purchasable","13":"product-type-simple"},"ams_default_variation_id":0,"ams_product_points_reward":[],"ams_product_discount_percentage":0,"ams_price_to_display":60000,"ams_acf":[],"jetpack_sharing_enabled":true,"_links":{"self":[{"href":"https:\/\/solucionsolar.cl\/solar\/wp-json\/wp\/v2\/product\/270","targetHints":{"allow":["GET"]}}],"collection":[{"href":"https:\/\/solucionsolar.cl\/solar\/wp-json\/wp\/v2\/product"}],"about":[{"href":"https:\/\/solucionsolar.cl\/solar\/wp-json\/wp\/v2\/types\/product"}],"replies":[{"embeddable":true,"href":"https:\/\/solucionsolar.cl\/solar\/wp-json\/wp\/v2\/comments?post=270"}],"wp:featuredmedia":[{"embeddable":true,"href":"https:\/\/solucionsolar.cl\/solar\/wp-json\/wp\/v2\/media\/269"}],"wp:attachment":[{"href":"https:\/\/solucionsolar.cl\/solar\/wp-json\/wp\/v2\/media?parent=270"}],"wp:term":[{"taxonomy":"product_brand","embeddable":true,"href":"https:\/\/solucionsolar.cl\/solar\/wp-json\/wp\/v2\/product_brand?post=270"},{"taxonomy":"product_cat","embeddable":true,"href":"https:\/\/solucionsolar.cl\/solar\/wp-json\/wp\/v2\/product_cat?post=270"},{"taxonomy":"product_tag","embeddable":true,"href":"https:\/\/solucionsolar.cl\/solar\/wp-json\/wp\/v2\/product_tag?post=270"}],"curies":[{"name":"wp","href":"https:\/\/api.w.org\/{rel}","templated":true}]}}