{"id":273,"date":"2023-05-13T22:25:34","date_gmt":"2023-05-13T22:25:34","guid":{"rendered":"https:\/\/solucionsolar.cl\/solar\/producto\/kit-solar-20w-vkb\/"},"modified":"2023-05-13T22:25:34","modified_gmt":"2023-05-13T22:25:34","slug":"kit-solar-20w-vkb","status":"publish","type":"product","link":"https:\/\/solucionsolar.cl\/solar\/producto\/kit-solar-20w-vkb\/","title":{"rendered":"Kit solar 20W VKB"},"content":{"rendered":"<p>El proyector solar 20W VKB es un dispositivo de iluminaci\u00f3n que funciona con energ\u00eda solar. Es un producto ideal para su uso en \u00e1reas donde no hay acceso a la electricidad de red, y para aquellos que buscan una fuente de luz sostenible y eficiente, este proyector solar es una excelente opci\u00f3n para aquellos que buscan una alternativa confiable y sostenible a los proyectores convencionales.<\/p>\n","protected":false},"excerpt":{"rendered":"<p>El proyector solar 20W VKB es un dispositivo de iluminaci\u00f3n que funciona con energ\u00eda solar. Es un producto ideal para su uso en \u00e1reas donde no hay acceso a la electricidad de red, y para aquellos que buscan una fuente de luz sostenible y eficiente, este proyector solar es una excelente opci\u00f3n para aquellos que buscan una alternativa confiable y [&hellip;]<\/p>\n","protected":false},"featured_media":269,"comment_status":"open","ping_status":"closed","template":"","meta":{"_joinchat":[]},"product_brand":[],"product_cat":[34,31],"product_tag":[],"class_list":{"0":"post-273","1":"product","2":"type-product","3":"status-publish","4":"has-post-thumbnail","6":"product_cat-iluminacion-solar","7":"product_cat-solar","9":"first","10":"instock","11":"shipping-taxable","12":"purchasable","13":"product-type-simple"},"ams_default_variation_id":0,"ams_product_points_reward":[],"ams_product_discount_percentage":0,"ams_price_to_display":36000,"ams_acf":[],"jetpack_sharing_enabled":true,"_links":{"self":[{"href":"https:\/\/solucionsolar.cl\/solar\/wp-json\/wp\/v2\/product\/273","targetHints":{"allow":["GET"]}}],"collection":[{"href":"https:\/\/solucionsolar.cl\/solar\/wp-json\/wp\/v2\/product"}],"about":[{"href":"https:\/\/solucionsolar.cl\/solar\/wp-json\/wp\/v2\/types\/product"}],"replies":[{"embeddable":true,"href":"https:\/\/solucionsolar.cl\/solar\/wp-json\/wp\/v2\/comments?post=273"}],"wp:featuredmedia":[{"embeddable":true,"href":"https:\/\/solucionsolar.cl\/solar\/wp-json\/wp\/v2\/media\/269"}],"wp:attachment":[{"href":"https:\/\/solucionsolar.cl\/solar\/wp-json\/wp\/v2\/media?parent=273"}],"wp:term":[{"taxonomy":"product_brand","embeddable":true,"href":"https:\/\/solucionsolar.cl\/solar\/wp-json\/wp\/v2\/product_brand?post=273"},{"taxonomy":"product_cat","embeddable":true,"href":"https:\/\/solucionsolar.cl\/solar\/wp-json\/wp\/v2\/product_cat?post=273"},{"taxonomy":"product_tag","embeddable":true,"href":"https:\/\/solucionsolar.cl\/solar\/wp-json\/wp\/v2\/product_tag?post=273"}],"curies":[{"name":"wp","href":"https:\/\/api.w.org\/{rel}","templated":true}]}}