{"id":275,"date":"2023-05-13T22:25:36","date_gmt":"2023-05-13T22:25:36","guid":{"rendered":"https:\/\/solucionsolar.cl\/solar\/producto\/calentador-solar-para-piscina-5m2\/"},"modified":"2023-05-13T22:25:36","modified_gmt":"2023-05-13T22:25:36","slug":"calentador-solar-para-piscina-5m2","status":"publish","type":"product","link":"https:\/\/solucionsolar.cl\/solar\/producto\/calentador-solar-para-piscina-5m2\/","title":{"rendered":"Calentador Solar para piscina 5m2"},"content":{"rendered":"<p>El calentador solar para piscina de 5m2 es una excelente opci\u00f3n para aquellos que buscan una soluci\u00f3n de calefacci\u00f3n sostenible y eficiente para su piscina. Con sus paneles solares de alta calidad, tubos de cobre, sistema de circulaci\u00f3n de agua, controlador de temperatura, f\u00e1cil instalaci\u00f3n y sostenibilidad econ\u00f3mica, este calentador solar para piscina es una opci\u00f3n pr\u00e1ctica y duradera.<\/p>\n","protected":false},"excerpt":{"rendered":"<p>El calentador solar para piscina de 5m2 es una excelente opci\u00f3n para aquellos que buscan una soluci\u00f3n de calefacci\u00f3n sostenible y eficiente para su piscina. Con sus paneles solares de alta calidad, tubos de cobre, sistema de circulaci\u00f3n de agua, controlador de temperatura, f\u00e1cil instalaci\u00f3n y sostenibilidad econ\u00f3mica, este calentador solar para piscina es una opci\u00f3n pr\u00e1ctica y duradera.<\/p>\n","protected":false},"featured_media":274,"comment_status":"open","ping_status":"closed","template":"","meta":{"_joinchat":[]},"product_brand":[],"product_cat":[31],"product_tag":[],"class_list":{"0":"post-275","1":"product","2":"type-product","3":"status-publish","4":"has-post-thumbnail","6":"product_cat-solar","8":"first","9":"instock","10":"shipping-taxable","11":"purchasable","12":"product-type-simple"},"ams_default_variation_id":0,"ams_product_points_reward":[],"ams_product_discount_percentage":0,"ams_price_to_display":155000,"ams_acf":[],"jetpack_sharing_enabled":true,"_links":{"self":[{"href":"https:\/\/solucionsolar.cl\/solar\/wp-json\/wp\/v2\/product\/275","targetHints":{"allow":["GET"]}}],"collection":[{"href":"https:\/\/solucionsolar.cl\/solar\/wp-json\/wp\/v2\/product"}],"about":[{"href":"https:\/\/solucionsolar.cl\/solar\/wp-json\/wp\/v2\/types\/product"}],"replies":[{"embeddable":true,"href":"https:\/\/solucionsolar.cl\/solar\/wp-json\/wp\/v2\/comments?post=275"}],"wp:featuredmedia":[{"embeddable":true,"href":"https:\/\/solucionsolar.cl\/solar\/wp-json\/wp\/v2\/media\/274"}],"wp:attachment":[{"href":"https:\/\/solucionsolar.cl\/solar\/wp-json\/wp\/v2\/media?parent=275"}],"wp:term":[{"taxonomy":"product_brand","embeddable":true,"href":"https:\/\/solucionsolar.cl\/solar\/wp-json\/wp\/v2\/product_brand?post=275"},{"taxonomy":"product_cat","embeddable":true,"href":"https:\/\/solucionsolar.cl\/solar\/wp-json\/wp\/v2\/product_cat?post=275"},{"taxonomy":"product_tag","embeddable":true,"href":"https:\/\/solucionsolar.cl\/solar\/wp-json\/wp\/v2\/product_tag?post=275"}],"curies":[{"name":"wp","href":"https:\/\/api.w.org\/{rel}","templated":true}]}}