{"id":277,"date":"2023-05-13T22:25:40","date_gmt":"2023-05-13T22:25:40","guid":{"rendered":"https:\/\/solucionsolar.cl\/solar\/producto\/aplique-solar-led-1-5w-c-sensor-de-movimiento-vkb\/"},"modified":"2023-05-13T22:25:40","modified_gmt":"2023-05-13T22:25:40","slug":"aplique-solar-led-1-5w-c-sensor-de-movimiento-vkb","status":"publish","type":"product","link":"https:\/\/solucionsolar.cl\/solar\/producto\/aplique-solar-led-1-5w-c-sensor-de-movimiento-vkb\/","title":{"rendered":"Aplique Solar LED 1.5W c\/sensor de movimiento VKB"},"content":{"rendered":"<p>El aplique solar LED de 1.5W con sensor de movimiento VKB es una soluci\u00f3n de iluminaci\u00f3n de bajo consumo y respetuosa con el medio ambiente que puede ser utilizada en exteriores. Este aplique est\u00e1 equipado con tecnolog\u00eda solar, lo que significa que utiliza la energ\u00eda del sol para recargar su bater\u00eda y encender su luz LED.<\/p>\n","protected":false},"excerpt":{"rendered":"<p>El aplique solar LED de 1.5W con sensor de movimiento VKB es una soluci\u00f3n de iluminaci\u00f3n de bajo consumo y respetuosa con el medio ambiente que puede ser utilizada en exteriores. Este aplique est\u00e1 equipado con tecnolog\u00eda solar, lo que significa que utiliza la energ\u00eda del sol para recargar su bater\u00eda y encender su luz LED.<\/p>\n","protected":false},"featured_media":276,"comment_status":"open","ping_status":"closed","template":"","meta":{"_joinchat":[]},"product_brand":[],"product_cat":[34,31],"product_tag":[],"class_list":{"0":"post-277","1":"product","2":"type-product","3":"status-publish","4":"has-post-thumbnail","6":"product_cat-iluminacion-solar","7":"product_cat-solar","9":"first","10":"instock","11":"shipping-taxable","12":"purchasable","13":"product-type-simple"},"ams_default_variation_id":0,"ams_product_points_reward":[],"ams_product_discount_percentage":0,"ams_price_to_display":10500,"ams_acf":[],"jetpack_sharing_enabled":true,"_links":{"self":[{"href":"https:\/\/solucionsolar.cl\/solar\/wp-json\/wp\/v2\/product\/277","targetHints":{"allow":["GET"]}}],"collection":[{"href":"https:\/\/solucionsolar.cl\/solar\/wp-json\/wp\/v2\/product"}],"about":[{"href":"https:\/\/solucionsolar.cl\/solar\/wp-json\/wp\/v2\/types\/product"}],"replies":[{"embeddable":true,"href":"https:\/\/solucionsolar.cl\/solar\/wp-json\/wp\/v2\/comments?post=277"}],"wp:featuredmedia":[{"embeddable":true,"href":"https:\/\/solucionsolar.cl\/solar\/wp-json\/wp\/v2\/media\/276"}],"wp:attachment":[{"href":"https:\/\/solucionsolar.cl\/solar\/wp-json\/wp\/v2\/media?parent=277"}],"wp:term":[{"taxonomy":"product_brand","embeddable":true,"href":"https:\/\/solucionsolar.cl\/solar\/wp-json\/wp\/v2\/product_brand?post=277"},{"taxonomy":"product_cat","embeddable":true,"href":"https:\/\/solucionsolar.cl\/solar\/wp-json\/wp\/v2\/product_cat?post=277"},{"taxonomy":"product_tag","embeddable":true,"href":"https:\/\/solucionsolar.cl\/solar\/wp-json\/wp\/v2\/product_tag?post=277"}],"curies":[{"name":"wp","href":"https:\/\/api.w.org\/{rel}","templated":true}]}}