{"id":28,"date":"2023-05-13T22:19:47","date_gmt":"2023-05-13T22:19:47","guid":{"rendered":"https:\/\/solucionsolar.cl\/solar\/producto\/caja-distribucion-metalica-tipo-chuqui-lexo\/"},"modified":"2023-05-13T22:19:47","modified_gmt":"2023-05-13T22:19:47","slug":"caja-distribucion-metalica-tipo-chuqui-lexo","status":"publish","type":"product","link":"https:\/\/solucionsolar.cl\/solar\/producto\/caja-distribucion-metalica-tipo-chuqui-lexo\/","title":{"rendered":"Caja distribuci\u00f3n Met\u00e1lica tipo Chuqui LEXO"},"content":{"rendered":"<p>La caja de distribuci\u00f3n met\u00e1lica tipo Chuqui LEXO es un dispositivo el\u00e9ctrico dise\u00f1ado para la protecci\u00f3n y distribuci\u00f3n de energ\u00eda el\u00e9ctrica en instalaciones el\u00e9ctricas residenciales, comerciales e industriales.<\/p>\n<p>Esta caja est\u00e1 fabricada con materiales de alta calidad, como el acero galvanizado, que le confieren una alta resistencia mec\u00e1nica y a la corrosi\u00f3n. Adem\u00e1s, cuenta con un dise\u00f1o compacto y de f\u00e1cil instalaci\u00f3n, lo que la hace adecuada para su uso en espacios reducidos.<\/p>\n","protected":false},"excerpt":{"rendered":"<p>La caja de distribuci\u00f3n met\u00e1lica tipo Chuqui LEXO es un dispositivo el\u00e9ctrico dise\u00f1ado para la protecci\u00f3n y distribuci\u00f3n de energ\u00eda el\u00e9ctrica en instalaciones el\u00e9ctricas residenciales, comerciales e industriales. Esta caja est\u00e1 fabricada con materiales de alta calidad, como el acero galvanizado, que le confieren una alta resistencia mec\u00e1nica y a la corrosi\u00f3n. Adem\u00e1s, cuenta con un dise\u00f1o compacto y de [&hellip;]<\/p>\n","protected":false},"featured_media":27,"comment_status":"open","ping_status":"closed","template":"","meta":{"_joinchat":[]},"product_brand":[],"product_cat":[16],"product_tag":[],"class_list":{"0":"post-28","1":"product","2":"type-product","3":"status-publish","4":"has-post-thumbnail","6":"product_cat-electricidad","8":"first","9":"instock","10":"shipping-taxable","11":"purchasable","12":"product-type-simple"},"ams_default_variation_id":0,"ams_product_points_reward":[],"ams_product_discount_percentage":0,"ams_price_to_display":1400,"ams_acf":[],"jetpack_sharing_enabled":true,"_links":{"self":[{"href":"https:\/\/solucionsolar.cl\/solar\/wp-json\/wp\/v2\/product\/28","targetHints":{"allow":["GET"]}}],"collection":[{"href":"https:\/\/solucionsolar.cl\/solar\/wp-json\/wp\/v2\/product"}],"about":[{"href":"https:\/\/solucionsolar.cl\/solar\/wp-json\/wp\/v2\/types\/product"}],"replies":[{"embeddable":true,"href":"https:\/\/solucionsolar.cl\/solar\/wp-json\/wp\/v2\/comments?post=28"}],"wp:featuredmedia":[{"embeddable":true,"href":"https:\/\/solucionsolar.cl\/solar\/wp-json\/wp\/v2\/media\/27"}],"wp:attachment":[{"href":"https:\/\/solucionsolar.cl\/solar\/wp-json\/wp\/v2\/media?parent=28"}],"wp:term":[{"taxonomy":"product_brand","embeddable":true,"href":"https:\/\/solucionsolar.cl\/solar\/wp-json\/wp\/v2\/product_brand?post=28"},{"taxonomy":"product_cat","embeddable":true,"href":"https:\/\/solucionsolar.cl\/solar\/wp-json\/wp\/v2\/product_cat?post=28"},{"taxonomy":"product_tag","embeddable":true,"href":"https:\/\/solucionsolar.cl\/solar\/wp-json\/wp\/v2\/product_tag?post=28"}],"curies":[{"name":"wp","href":"https:\/\/api.w.org\/{rel}","templated":true}]}}