{"id":283,"date":"2023-05-13T22:25:47","date_gmt":"2023-05-13T22:25:47","guid":{"rendered":"https:\/\/solucionsolar.cl\/solar\/producto\/luminaria-solar-pagoda-150w-logic\/"},"modified":"2023-05-13T22:25:47","modified_gmt":"2023-05-13T22:25:47","slug":"luminaria-solar-pagoda-150w-logic","status":"publish","type":"product","link":"https:\/\/solucionsolar.cl\/solar\/producto\/luminaria-solar-pagoda-150w-logic\/","title":{"rendered":"Luminaria solar Pagoda 150W LOGIC"},"content":{"rendered":"<p>La luminaria solar Pagoda 150W LOGIC es un dispositivo de iluminaci\u00f3n de alta eficiencia que funciona con energ\u00eda solar y es adecuado para iluminar \u00e1reas exteriores como calles, parques, plazas, estacionamientos, entre otros.<\/p>\n<p>La luminaria solar Pagoda 150W LOGIC es una soluci\u00f3n de iluminaci\u00f3n eficiente y sostenible que utiliza energ\u00eda solar para proporcionar una iluminaci\u00f3n brillante y duradera en \u00e1reas exteriores. Con un panel solar de 150W, una bater\u00eda recargable de alta capacidad, un controlador de carga solar y una luminaria LED de alta intensidad, este dispositivo es una excelente opci\u00f3n para aplicaciones en lugares remotos donde no hay acceso a la red el\u00e9ctrica o donde se desea una soluci\u00f3n de iluminaci\u00f3n sostenible y aut\u00f3noma.<\/p>\n","protected":false},"excerpt":{"rendered":"<p>La luminaria solar Pagoda 150W LOGIC es un dispositivo de iluminaci\u00f3n de alta eficiencia que funciona con energ\u00eda solar y es adecuado para iluminar \u00e1reas exteriores como calles, parques, plazas, estacionamientos, entre otros. La luminaria solar Pagoda 150W LOGIC es una soluci\u00f3n de iluminaci\u00f3n eficiente y sostenible que utiliza energ\u00eda solar para proporcionar una iluminaci\u00f3n brillante y duradera en \u00e1reas [&hellip;]<\/p>\n","protected":false},"featured_media":282,"comment_status":"open","ping_status":"closed","template":"","meta":{"_joinchat":[]},"product_brand":[],"product_cat":[32,31],"product_tag":[],"class_list":{"0":"post-283","1":"product","2":"type-product","3":"status-publish","4":"has-post-thumbnail","6":"product_cat-poste-solar","7":"product_cat-solar","9":"first","10":"instock","11":"shipping-taxable","12":"purchasable","13":"product-type-simple"},"ams_default_variation_id":0,"ams_product_points_reward":[],"ams_product_discount_percentage":0,"ams_price_to_display":55000,"ams_acf":[],"jetpack_sharing_enabled":true,"_links":{"self":[{"href":"https:\/\/solucionsolar.cl\/solar\/wp-json\/wp\/v2\/product\/283","targetHints":{"allow":["GET"]}}],"collection":[{"href":"https:\/\/solucionsolar.cl\/solar\/wp-json\/wp\/v2\/product"}],"about":[{"href":"https:\/\/solucionsolar.cl\/solar\/wp-json\/wp\/v2\/types\/product"}],"replies":[{"embeddable":true,"href":"https:\/\/solucionsolar.cl\/solar\/wp-json\/wp\/v2\/comments?post=283"}],"wp:featuredmedia":[{"embeddable":true,"href":"https:\/\/solucionsolar.cl\/solar\/wp-json\/wp\/v2\/media\/282"}],"wp:attachment":[{"href":"https:\/\/solucionsolar.cl\/solar\/wp-json\/wp\/v2\/media?parent=283"}],"wp:term":[{"taxonomy":"product_brand","embeddable":true,"href":"https:\/\/solucionsolar.cl\/solar\/wp-json\/wp\/v2\/product_brand?post=283"},{"taxonomy":"product_cat","embeddable":true,"href":"https:\/\/solucionsolar.cl\/solar\/wp-json\/wp\/v2\/product_cat?post=283"},{"taxonomy":"product_tag","embeddable":true,"href":"https:\/\/solucionsolar.cl\/solar\/wp-json\/wp\/v2\/product_tag?post=283"}],"curies":[{"name":"wp","href":"https:\/\/api.w.org\/{rel}","templated":true}]}}