{"id":289,"date":"2023-05-13T22:25:57","date_gmt":"2023-05-13T22:25:57","guid":{"rendered":"https:\/\/solucionsolar.cl\/solar\/producto\/ampolleta-solar-multiuso-100w-c-panel-solar-cable-usb-logic\/"},"modified":"2023-05-13T22:25:57","modified_gmt":"2023-05-13T22:25:57","slug":"ampolleta-solar-multiuso-100w-c-panel-solar-cable-usb-logic","status":"publish","type":"product","link":"https:\/\/solucionsolar.cl\/solar\/producto\/ampolleta-solar-multiuso-100w-c-panel-solar-cable-usb-logic\/","title":{"rendered":"Ampolleta solar multiuso 100W c\/panel solar + cable usb LOGIC"},"content":{"rendered":"<p>La ampolleta solar multiuso es muy f\u00e1cil de usar y transportar gracias a su dise\u00f1o compacto y liviano. Tambi\u00e9n es resistente al agua y al polvo, lo que la hace ideal para actividades al aire libre, como camping, senderismo o pesca.<\/p>\n<p>En resumen, la ampolleta solar multiuso 100W LOGIC es una soluci\u00f3n pr\u00e1ctica y vers\u00e1til para la iluminaci\u00f3n y carga de dispositivos en cualquier lugar y en cualquier momento, utilizando energ\u00eda solar sostenible y amigable con el medio ambiente.<\/p>\n","protected":false},"excerpt":{"rendered":"<p>La ampolleta solar multiuso es muy f\u00e1cil de usar y transportar gracias a su dise\u00f1o compacto y liviano. Tambi\u00e9n es resistente al agua y al polvo, lo que la hace ideal para actividades al aire libre, como camping, senderismo o pesca. En resumen, la ampolleta solar multiuso 100W LOGIC es una soluci\u00f3n pr\u00e1ctica y vers\u00e1til para la iluminaci\u00f3n y carga [&hellip;]<\/p>\n","protected":false},"featured_media":288,"comment_status":"open","ping_status":"closed","template":"","meta":{"_joinchat":[]},"product_brand":[],"product_cat":[34,31],"product_tag":[],"class_list":{"0":"post-289","1":"product","2":"type-product","3":"status-publish","4":"has-post-thumbnail","6":"product_cat-iluminacion-solar","7":"product_cat-solar","9":"first","10":"instock","11":"shipping-taxable","12":"purchasable","13":"product-type-simple"},"ams_default_variation_id":0,"ams_product_points_reward":[],"ams_product_discount_percentage":0,"ams_price_to_display":28000,"ams_acf":[],"jetpack_sharing_enabled":true,"_links":{"self":[{"href":"https:\/\/solucionsolar.cl\/solar\/wp-json\/wp\/v2\/product\/289","targetHints":{"allow":["GET"]}}],"collection":[{"href":"https:\/\/solucionsolar.cl\/solar\/wp-json\/wp\/v2\/product"}],"about":[{"href":"https:\/\/solucionsolar.cl\/solar\/wp-json\/wp\/v2\/types\/product"}],"replies":[{"embeddable":true,"href":"https:\/\/solucionsolar.cl\/solar\/wp-json\/wp\/v2\/comments?post=289"}],"wp:featuredmedia":[{"embeddable":true,"href":"https:\/\/solucionsolar.cl\/solar\/wp-json\/wp\/v2\/media\/288"}],"wp:attachment":[{"href":"https:\/\/solucionsolar.cl\/solar\/wp-json\/wp\/v2\/media?parent=289"}],"wp:term":[{"taxonomy":"product_brand","embeddable":true,"href":"https:\/\/solucionsolar.cl\/solar\/wp-json\/wp\/v2\/product_brand?post=289"},{"taxonomy":"product_cat","embeddable":true,"href":"https:\/\/solucionsolar.cl\/solar\/wp-json\/wp\/v2\/product_cat?post=289"},{"taxonomy":"product_tag","embeddable":true,"href":"https:\/\/solucionsolar.cl\/solar\/wp-json\/wp\/v2\/product_tag?post=289"}],"curies":[{"name":"wp","href":"https:\/\/api.w.org\/{rel}","templated":true}]}}