{"id":291,"date":"2023-05-13T22:25:59","date_gmt":"2023-05-13T22:25:59","guid":{"rendered":"https:\/\/solucionsolar.cl\/solar\/producto\/ionizador-solar-para-piscina\/"},"modified":"2023-05-13T22:25:59","modified_gmt":"2023-05-13T22:25:59","slug":"ionizador-solar-para-piscina","status":"publish","type":"product","link":"https:\/\/solucionsolar.cl\/solar\/producto\/ionizador-solar-para-piscina\/","title":{"rendered":"Ionizador solar para piscina"},"content":{"rendered":"<p>El ionizador solar para piscina es una soluci\u00f3n sostenible y efectiva para mantener el agua de la piscina limpia y libre de algas y bacterias. Con su sistema de generaci\u00f3n de iones de cobre y plata alimentado por energ\u00eda solar, el ionizador es f\u00e1cil de instalar y usar, lo que lo hace una excelente opci\u00f3n para cualquier propietario de piscina que desee una soluci\u00f3n eficiente y ecol\u00f3gica para el tratamiento del agua de su piscina.<\/p>\n","protected":false},"excerpt":{"rendered":"<p>El ionizador solar para piscina es una soluci\u00f3n sostenible y efectiva para mantener el agua de la piscina limpia y libre de algas y bacterias. Con su sistema de generaci\u00f3n de iones de cobre y plata alimentado por energ\u00eda solar, el ionizador es f\u00e1cil de instalar y usar, lo que lo hace una excelente opci\u00f3n para cualquier propietario de piscina [&hellip;]<\/p>\n","protected":false},"featured_media":290,"comment_status":"open","ping_status":"closed","template":"","meta":{"_joinchat":[]},"product_brand":[],"product_cat":[31],"product_tag":[],"class_list":{"0":"post-291","1":"product","2":"type-product","3":"status-publish","4":"has-post-thumbnail","6":"product_cat-solar","8":"first","9":"instock","10":"shipping-taxable","11":"purchasable","12":"product-type-simple"},"ams_default_variation_id":0,"ams_product_points_reward":[],"ams_product_discount_percentage":0,"ams_price_to_display":72000,"ams_acf":[],"jetpack_sharing_enabled":true,"_links":{"self":[{"href":"https:\/\/solucionsolar.cl\/solar\/wp-json\/wp\/v2\/product\/291","targetHints":{"allow":["GET"]}}],"collection":[{"href":"https:\/\/solucionsolar.cl\/solar\/wp-json\/wp\/v2\/product"}],"about":[{"href":"https:\/\/solucionsolar.cl\/solar\/wp-json\/wp\/v2\/types\/product"}],"replies":[{"embeddable":true,"href":"https:\/\/solucionsolar.cl\/solar\/wp-json\/wp\/v2\/comments?post=291"}],"wp:featuredmedia":[{"embeddable":true,"href":"https:\/\/solucionsolar.cl\/solar\/wp-json\/wp\/v2\/media\/290"}],"wp:attachment":[{"href":"https:\/\/solucionsolar.cl\/solar\/wp-json\/wp\/v2\/media?parent=291"}],"wp:term":[{"taxonomy":"product_brand","embeddable":true,"href":"https:\/\/solucionsolar.cl\/solar\/wp-json\/wp\/v2\/product_brand?post=291"},{"taxonomy":"product_cat","embeddable":true,"href":"https:\/\/solucionsolar.cl\/solar\/wp-json\/wp\/v2\/product_cat?post=291"},{"taxonomy":"product_tag","embeddable":true,"href":"https:\/\/solucionsolar.cl\/solar\/wp-json\/wp\/v2\/product_tag?post=291"}],"curies":[{"name":"wp","href":"https:\/\/api.w.org\/{rel}","templated":true}]}}