{"id":301,"date":"2023-05-13T22:26:10","date_gmt":"2023-05-13T22:26:10","guid":{"rendered":"https:\/\/solucionsolar.cl\/solar\/producto\/tornillo-punta-broca-zincado-6-18x1-1-4-100-un\/"},"modified":"2023-05-13T22:26:10","modified_gmt":"2023-05-13T22:26:10","slug":"tornillo-punta-broca-zincado-6-18x1-1-4-100-un","status":"publish","type":"product","link":"https:\/\/solucionsolar.cl\/solar\/producto\/tornillo-punta-broca-zincado-6-18x1-1-4-100-un\/","title":{"rendered":"Tornillo punta broca zincado 6-18&#215;1 1\/4 100 un"},"content":{"rendered":"<p>Los Tornillos con Punta de Broca y Revestimiento de Zincado de 6-18&#215;1 1\/4&#8243; en paquete de 100 unidades son un tipo de sujetador de rosca dise\u00f1ado para una fijaci\u00f3n fuerte en materiales como la madera y el metal. La punta de broca permite que el tornillo se fije m\u00e1s f\u00e1cilmente sin necesidad de hacer un agujero previo en el material.<\/p>\n","protected":false},"excerpt":{"rendered":"<p>Los Tornillos con Punta de Broca y Revestimiento de Zincado de 6-18&#215;1 1\/4&#8243; en paquete de 100 unidades son un tipo de sujetador de rosca dise\u00f1ado para una fijaci\u00f3n fuerte en materiales como la madera y el metal. La punta de broca permite que el tornillo se fije m\u00e1s f\u00e1cilmente sin necesidad de hacer un agujero previo en el material.<\/p>\n","protected":false},"featured_media":300,"comment_status":"open","ping_status":"closed","template":"","meta":{"_joinchat":[]},"product_brand":[],"product_cat":[17,24],"product_tag":[],"class_list":{"0":"post-301","1":"product","2":"type-product","3":"status-publish","4":"has-post-thumbnail","6":"product_cat-ferreteria","7":"product_cat-tornillos","9":"first","10":"instock","11":"shipping-taxable","12":"purchasable","13":"product-type-simple"},"ams_default_variation_id":0,"ams_product_points_reward":[],"ams_product_discount_percentage":0,"ams_price_to_display":1400,"ams_acf":[],"jetpack_sharing_enabled":true,"_links":{"self":[{"href":"https:\/\/solucionsolar.cl\/solar\/wp-json\/wp\/v2\/product\/301","targetHints":{"allow":["GET"]}}],"collection":[{"href":"https:\/\/solucionsolar.cl\/solar\/wp-json\/wp\/v2\/product"}],"about":[{"href":"https:\/\/solucionsolar.cl\/solar\/wp-json\/wp\/v2\/types\/product"}],"replies":[{"embeddable":true,"href":"https:\/\/solucionsolar.cl\/solar\/wp-json\/wp\/v2\/comments?post=301"}],"wp:featuredmedia":[{"embeddable":true,"href":"https:\/\/solucionsolar.cl\/solar\/wp-json\/wp\/v2\/media\/300"}],"wp:attachment":[{"href":"https:\/\/solucionsolar.cl\/solar\/wp-json\/wp\/v2\/media?parent=301"}],"wp:term":[{"taxonomy":"product_brand","embeddable":true,"href":"https:\/\/solucionsolar.cl\/solar\/wp-json\/wp\/v2\/product_brand?post=301"},{"taxonomy":"product_cat","embeddable":true,"href":"https:\/\/solucionsolar.cl\/solar\/wp-json\/wp\/v2\/product_cat?post=301"},{"taxonomy":"product_tag","embeddable":true,"href":"https:\/\/solucionsolar.cl\/solar\/wp-json\/wp\/v2\/product_tag?post=301"}],"curies":[{"name":"wp","href":"https:\/\/api.w.org\/{rel}","templated":true}]}}