{"id":320,"date":"2023-05-13T22:26:32","date_gmt":"2023-05-13T22:26:32","guid":{"rendered":"https:\/\/solucionsolar.cl\/solar\/producto\/aspersor-rotatorio-3-brazos\/"},"modified":"2023-05-13T22:26:32","modified_gmt":"2023-05-13T22:26:32","slug":"aspersor-rotatorio-3-brazos","status":"publish","type":"product","link":"https:\/\/solucionsolar.cl\/solar\/producto\/aspersor-rotatorio-3-brazos\/","title":{"rendered":"Aspersor rotatorio 3 brazos"},"content":{"rendered":"<p>El Aspersor rotatorio 3 brazos es un dispositivo de riego que cuenta con tres brazos m\u00f3viles que giran sobre un eje central, rociando agua de manera uniforme sobre una amplia \u00e1rea de c\u00e9sped o jard\u00edn.<\/p>\n","protected":false},"excerpt":{"rendered":"<p>El Aspersor rotatorio 3 brazos es un dispositivo de riego que cuenta con tres brazos m\u00f3viles que giran sobre un eje central, rociando agua de manera uniforme sobre una amplia \u00e1rea de c\u00e9sped o jard\u00edn.<\/p>\n","protected":false},"featured_media":0,"comment_status":"open","ping_status":"closed","template":"","meta":{"_joinchat":[]},"product_brand":[],"product_cat":[23,17],"product_tag":[],"class_list":{"0":"post-320","1":"product","2":"type-product","3":"status-publish","5":"product_cat-casa-y-jardin","6":"product_cat-ferreteria","8":"first","9":"instock","10":"shipping-taxable","11":"purchasable","12":"product-type-simple"},"ams_default_variation_id":0,"ams_product_points_reward":[],"ams_product_discount_percentage":0,"ams_price_to_display":4000,"ams_acf":[],"jetpack_sharing_enabled":true,"_links":{"self":[{"href":"https:\/\/solucionsolar.cl\/solar\/wp-json\/wp\/v2\/product\/320","targetHints":{"allow":["GET"]}}],"collection":[{"href":"https:\/\/solucionsolar.cl\/solar\/wp-json\/wp\/v2\/product"}],"about":[{"href":"https:\/\/solucionsolar.cl\/solar\/wp-json\/wp\/v2\/types\/product"}],"replies":[{"embeddable":true,"href":"https:\/\/solucionsolar.cl\/solar\/wp-json\/wp\/v2\/comments?post=320"}],"wp:attachment":[{"href":"https:\/\/solucionsolar.cl\/solar\/wp-json\/wp\/v2\/media?parent=320"}],"wp:term":[{"taxonomy":"product_brand","embeddable":true,"href":"https:\/\/solucionsolar.cl\/solar\/wp-json\/wp\/v2\/product_brand?post=320"},{"taxonomy":"product_cat","embeddable":true,"href":"https:\/\/solucionsolar.cl\/solar\/wp-json\/wp\/v2\/product_cat?post=320"},{"taxonomy":"product_tag","embeddable":true,"href":"https:\/\/solucionsolar.cl\/solar\/wp-json\/wp\/v2\/product_tag?post=320"}],"curies":[{"name":"wp","href":"https:\/\/api.w.org\/{rel}","templated":true}]}}