{"id":322,"date":"2023-05-13T22:26:35","date_gmt":"2023-05-13T22:26:35","guid":{"rendered":"https:\/\/solucionsolar.cl\/solar\/producto\/cinta-de-goma-autofundente-3-4-x-5mt-lexo\/"},"modified":"2023-05-13T22:26:35","modified_gmt":"2023-05-13T22:26:35","slug":"cinta-de-goma-autofundente-3-4-x-5mt-lexo","status":"publish","type":"product","link":"https:\/\/solucionsolar.cl\/solar\/producto\/cinta-de-goma-autofundente-3-4-x-5mt-lexo\/","title":{"rendered":"Cinta de goma autofundente 3\/4&#8243; x 5mt LEXO"},"content":{"rendered":"<p>La cinta de goma autofundente LEXO de 3\/4&#8243; x 5 metros es una cinta de sellado de alta calidad que se adhiere a s\u00ed misma al aplicar tensi\u00f3n. Es resistente al agua y proporciona una excelente protecci\u00f3n contra la corrosi\u00f3n, la abrasi\u00f3n y el envejecimiento. Esta cinta de goma se utiliza com\u00fanmente para sellar y reparar tuber\u00edas, cables y conexiones el\u00e9ctricas expuestas a la intemperie, lo que la hace ideal para su uso en proyectos de plomer\u00eda y cableado en el hogar o la industria. Es f\u00e1cil de aplicar y proporciona una soluci\u00f3n duradera y resistente para cualquier proyecto de sellado.<\/p>\n","protected":false},"excerpt":{"rendered":"<p>La cinta de goma autofundente LEXO de 3\/4&#8243; x 5 metros es una cinta de sellado de alta calidad que se adhiere a s\u00ed misma al aplicar tensi\u00f3n. Es resistente al agua y proporciona una excelente protecci\u00f3n contra la corrosi\u00f3n, la abrasi\u00f3n y el envejecimiento. Esta cinta de goma se utiliza com\u00fanmente para sellar y reparar tuber\u00edas, cables y conexiones [&hellip;]<\/p>\n","protected":false},"featured_media":321,"comment_status":"open","ping_status":"closed","template":"","meta":{"_joinchat":[]},"product_brand":[],"product_cat":[25,17],"product_tag":[],"class_list":{"0":"post-322","1":"product","2":"type-product","3":"status-publish","4":"has-post-thumbnail","6":"product_cat-cintas","7":"product_cat-ferreteria","9":"first","10":"instock","11":"shipping-taxable","12":"purchasable","13":"product-type-simple"},"ams_default_variation_id":0,"ams_product_points_reward":[],"ams_product_discount_percentage":0,"ams_price_to_display":2800,"ams_acf":[],"jetpack_sharing_enabled":true,"_links":{"self":[{"href":"https:\/\/solucionsolar.cl\/solar\/wp-json\/wp\/v2\/product\/322","targetHints":{"allow":["GET"]}}],"collection":[{"href":"https:\/\/solucionsolar.cl\/solar\/wp-json\/wp\/v2\/product"}],"about":[{"href":"https:\/\/solucionsolar.cl\/solar\/wp-json\/wp\/v2\/types\/product"}],"replies":[{"embeddable":true,"href":"https:\/\/solucionsolar.cl\/solar\/wp-json\/wp\/v2\/comments?post=322"}],"wp:featuredmedia":[{"embeddable":true,"href":"https:\/\/solucionsolar.cl\/solar\/wp-json\/wp\/v2\/media\/321"}],"wp:attachment":[{"href":"https:\/\/solucionsolar.cl\/solar\/wp-json\/wp\/v2\/media?parent=322"}],"wp:term":[{"taxonomy":"product_brand","embeddable":true,"href":"https:\/\/solucionsolar.cl\/solar\/wp-json\/wp\/v2\/product_brand?post=322"},{"taxonomy":"product_cat","embeddable":true,"href":"https:\/\/solucionsolar.cl\/solar\/wp-json\/wp\/v2\/product_cat?post=322"},{"taxonomy":"product_tag","embeddable":true,"href":"https:\/\/solucionsolar.cl\/solar\/wp-json\/wp\/v2\/product_tag?post=322"}],"curies":[{"name":"wp","href":"https:\/\/api.w.org\/{rel}","templated":true}]}}