{"id":333,"date":"2023-05-13T22:26:50","date_gmt":"2023-05-13T22:26:50","guid":{"rendered":"https:\/\/solucionsolar.cl\/solar\/producto\/abrazadera-pvc-32mm-naranja\/"},"modified":"2023-05-13T22:26:50","modified_gmt":"2023-05-13T22:26:50","slug":"abrazadera-pvc-32mm-naranja","status":"publish","type":"product","link":"https:\/\/solucionsolar.cl\/solar\/producto\/abrazadera-pvc-32mm-naranja\/","title":{"rendered":"Abrazadera pvc 32mm naranja"},"content":{"rendered":"<p>Es un accesorio de sujeci\u00f3n utilizado en instalaciones el\u00e9ctricas para fijar y sujetar tubos y conductos el\u00e9ctricos de 32 mm de di\u00e1metro. Est\u00e1 hecha de PVC de alta calidad, lo que la hace resistente a la corrosi\u00f3n y a la mayor\u00eda de los productos qu\u00edmicos.<\/p>\n","protected":false},"excerpt":{"rendered":"<p>Es un accesorio de sujeci\u00f3n utilizado en instalaciones el\u00e9ctricas para fijar y sujetar tubos y conductos el\u00e9ctricos de 32 mm de di\u00e1metro. Est\u00e1 hecha de PVC de alta calidad, lo que la hace resistente a la corrosi\u00f3n y a la mayor\u00eda de los productos qu\u00edmicos.<\/p>\n","protected":false},"featured_media":99,"comment_status":"open","ping_status":"closed","template":"","meta":{"_joinchat":[]},"product_brand":[],"product_cat":[19,16],"product_tag":[],"class_list":{"0":"post-333","1":"product","2":"type-product","3":"status-publish","4":"has-post-thumbnail","6":"product_cat-abrazaderas","7":"product_cat-electricidad","9":"first","10":"instock","11":"shipping-taxable","12":"purchasable","13":"product-type-simple"},"ams_default_variation_id":0,"ams_product_points_reward":[],"ams_product_discount_percentage":0,"ams_price_to_display":200,"ams_acf":[],"jetpack_sharing_enabled":true,"_links":{"self":[{"href":"https:\/\/solucionsolar.cl\/solar\/wp-json\/wp\/v2\/product\/333","targetHints":{"allow":["GET"]}}],"collection":[{"href":"https:\/\/solucionsolar.cl\/solar\/wp-json\/wp\/v2\/product"}],"about":[{"href":"https:\/\/solucionsolar.cl\/solar\/wp-json\/wp\/v2\/types\/product"}],"replies":[{"embeddable":true,"href":"https:\/\/solucionsolar.cl\/solar\/wp-json\/wp\/v2\/comments?post=333"}],"wp:featuredmedia":[{"embeddable":true,"href":"https:\/\/solucionsolar.cl\/solar\/wp-json\/wp\/v2\/media\/99"}],"wp:attachment":[{"href":"https:\/\/solucionsolar.cl\/solar\/wp-json\/wp\/v2\/media?parent=333"}],"wp:term":[{"taxonomy":"product_brand","embeddable":true,"href":"https:\/\/solucionsolar.cl\/solar\/wp-json\/wp\/v2\/product_brand?post=333"},{"taxonomy":"product_cat","embeddable":true,"href":"https:\/\/solucionsolar.cl\/solar\/wp-json\/wp\/v2\/product_cat?post=333"},{"taxonomy":"product_tag","embeddable":true,"href":"https:\/\/solucionsolar.cl\/solar\/wp-json\/wp\/v2\/product_tag?post=333"}],"curies":[{"name":"wp","href":"https:\/\/api.w.org\/{rel}","templated":true}]}}