{"id":339,"date":"2023-05-13T22:26:57","date_gmt":"2023-05-13T22:26:57","guid":{"rendered":"https:\/\/solucionsolar.cl\/solar\/producto\/protector-auditivo\/"},"modified":"2023-05-13T22:26:57","modified_gmt":"2023-05-13T22:26:57","slug":"protector-auditivo","status":"publish","type":"product","link":"https:\/\/solucionsolar.cl\/solar\/producto\/protector-auditivo\/","title":{"rendered":"Protector auditivo"},"content":{"rendered":"<p>Un protector auditivo es un equipo de protecci\u00f3n personal dise\u00f1ado para reducir la exposici\u00f3n al ruido excesivo y proteger los o\u00eddos de posibles da\u00f1os. Est\u00e1 compuesto por una banda o arn\u00e9s que se coloca alrededor de la cabeza y dos almohadillas que cubren los o\u00eddos. Los protectores auditivos pueden estar hechos de diferentes materiales, como espuma, pl\u00e1stico o silicona, y pueden ser ajustables para adaptarse a diferentes tama\u00f1os de cabeza. Estos protectores son especialmente \u00fatiles en entornos ruidosos, como obras de construcci\u00f3n, f\u00e1bricas o aeropuertos, donde el ruido puede superar los niveles seguros para la salud auditiva. En general, los protectores auditivos son una herramienta esencial para mantener una buena salud auditiva en entornos ruidosos.<\/p>\n","protected":false},"excerpt":{"rendered":"<p>Un protector auditivo es un equipo de protecci\u00f3n personal dise\u00f1ado para reducir la exposici\u00f3n al ruido excesivo y proteger los o\u00eddos de posibles da\u00f1os. Est\u00e1 compuesto por una banda o arn\u00e9s que se coloca alrededor de la cabeza y dos almohadillas que cubren los o\u00eddos. Los protectores auditivos pueden estar hechos de diferentes materiales, como espuma, pl\u00e1stico o silicona, y [&hellip;]<\/p>\n","protected":false},"featured_media":338,"comment_status":"open","ping_status":"closed","template":"","meta":{"_joinchat":[]},"product_brand":[],"product_cat":[27,17],"product_tag":[],"class_list":{"0":"post-339","1":"product","2":"type-product","3":"status-publish","4":"has-post-thumbnail","6":"product_cat-epp","7":"product_cat-ferreteria","9":"first","10":"instock","11":"shipping-taxable","12":"purchasable","13":"product-type-simple"},"ams_default_variation_id":0,"ams_product_points_reward":[],"ams_product_discount_percentage":0,"ams_price_to_display":2500,"ams_acf":[],"jetpack_sharing_enabled":true,"_links":{"self":[{"href":"https:\/\/solucionsolar.cl\/solar\/wp-json\/wp\/v2\/product\/339","targetHints":{"allow":["GET"]}}],"collection":[{"href":"https:\/\/solucionsolar.cl\/solar\/wp-json\/wp\/v2\/product"}],"about":[{"href":"https:\/\/solucionsolar.cl\/solar\/wp-json\/wp\/v2\/types\/product"}],"replies":[{"embeddable":true,"href":"https:\/\/solucionsolar.cl\/solar\/wp-json\/wp\/v2\/comments?post=339"}],"wp:featuredmedia":[{"embeddable":true,"href":"https:\/\/solucionsolar.cl\/solar\/wp-json\/wp\/v2\/media\/338"}],"wp:attachment":[{"href":"https:\/\/solucionsolar.cl\/solar\/wp-json\/wp\/v2\/media?parent=339"}],"wp:term":[{"taxonomy":"product_brand","embeddable":true,"href":"https:\/\/solucionsolar.cl\/solar\/wp-json\/wp\/v2\/product_brand?post=339"},{"taxonomy":"product_cat","embeddable":true,"href":"https:\/\/solucionsolar.cl\/solar\/wp-json\/wp\/v2\/product_cat?post=339"},{"taxonomy":"product_tag","embeddable":true,"href":"https:\/\/solucionsolar.cl\/solar\/wp-json\/wp\/v2\/product_tag?post=339"}],"curies":[{"name":"wp","href":"https:\/\/api.w.org\/{rel}","templated":true}]}}