{"id":348,"date":"2023-05-13T22:27:12","date_gmt":"2023-05-13T22:27:12","guid":{"rendered":"https:\/\/solucionsolar.cl\/solar\/producto\/kit-manga-termocontraible-100pcs-negro-lexo\/"},"modified":"2023-05-13T22:27:12","modified_gmt":"2023-05-13T22:27:12","slug":"kit-manga-termocontraible-100pcs-negro-lexo","status":"publish","type":"product","link":"https:\/\/solucionsolar.cl\/solar\/producto\/kit-manga-termocontraible-100pcs-negro-lexo\/","title":{"rendered":"Kit manga termocontraible 100pcs  Negro LEXO"},"content":{"rendered":"<p>El Kit manga termocontra\u00edble 100pcs Negro LEXO es un conjunto de 100 piezas de tubos termorretr\u00e1ctiles de color negro dise\u00f1ados para proteger y aislar conexiones el\u00e9ctricas. Estos tubos est\u00e1n hechos de poliolefina de alta calidad y se contraen cuando se calientan, proporcionando un sellado resistente al agua y protecci\u00f3n contra la corrosi\u00f3n.<\/p>\n","protected":false},"excerpt":{"rendered":"<p>El Kit manga termocontra\u00edble 100pcs Negro LEXO es un conjunto de 100 piezas de tubos termorretr\u00e1ctiles de color negro dise\u00f1ados para proteger y aislar conexiones el\u00e9ctricas. Estos tubos est\u00e1n hechos de poliolefina de alta calidad y se contraen cuando se calientan, proporcionando un sellado resistente al agua y protecci\u00f3n contra la corrosi\u00f3n.<\/p>\n","protected":false},"featured_media":347,"comment_status":"open","ping_status":"closed","template":"","meta":{"_joinchat":[]},"product_brand":[],"product_cat":[16],"product_tag":[],"class_list":{"0":"post-348","1":"product","2":"type-product","3":"status-publish","4":"has-post-thumbnail","6":"product_cat-electricidad","8":"first","9":"instock","10":"shipping-taxable","11":"purchasable","12":"product-type-simple"},"ams_default_variation_id":0,"ams_product_points_reward":[],"ams_product_discount_percentage":0,"ams_price_to_display":3400,"ams_acf":[],"jetpack_sharing_enabled":true,"_links":{"self":[{"href":"https:\/\/solucionsolar.cl\/solar\/wp-json\/wp\/v2\/product\/348","targetHints":{"allow":["GET"]}}],"collection":[{"href":"https:\/\/solucionsolar.cl\/solar\/wp-json\/wp\/v2\/product"}],"about":[{"href":"https:\/\/solucionsolar.cl\/solar\/wp-json\/wp\/v2\/types\/product"}],"replies":[{"embeddable":true,"href":"https:\/\/solucionsolar.cl\/solar\/wp-json\/wp\/v2\/comments?post=348"}],"wp:featuredmedia":[{"embeddable":true,"href":"https:\/\/solucionsolar.cl\/solar\/wp-json\/wp\/v2\/media\/347"}],"wp:attachment":[{"href":"https:\/\/solucionsolar.cl\/solar\/wp-json\/wp\/v2\/media?parent=348"}],"wp:term":[{"taxonomy":"product_brand","embeddable":true,"href":"https:\/\/solucionsolar.cl\/solar\/wp-json\/wp\/v2\/product_brand?post=348"},{"taxonomy":"product_cat","embeddable":true,"href":"https:\/\/solucionsolar.cl\/solar\/wp-json\/wp\/v2\/product_cat?post=348"},{"taxonomy":"product_tag","embeddable":true,"href":"https:\/\/solucionsolar.cl\/solar\/wp-json\/wp\/v2\/product_tag?post=348"}],"curies":[{"name":"wp","href":"https:\/\/api.w.org\/{rel}","templated":true}]}}