{"id":35,"date":"2023-05-13T22:19:52","date_gmt":"2023-05-13T22:19:52","guid":{"rendered":"https:\/\/solucionsolar.cl\/solar\/producto\/cadena-galvanizada-4mm-eslabon-largo-1mt\/"},"modified":"2023-05-13T22:19:52","modified_gmt":"2023-05-13T22:19:52","slug":"cadena-galvanizada-4mm-eslabon-largo-1mt","status":"publish","type":"product","link":"https:\/\/solucionsolar.cl\/solar\/producto\/cadena-galvanizada-4mm-eslabon-largo-1mt\/","title":{"rendered":"Cadena galvanizada 4mm eslab\u00f3n largo 1mt"},"content":{"rendered":"<p>La cadena galvanizada de 4mm con eslab\u00f3n largo de 1 metro es un elemento de sujeci\u00f3n resistente y duradero, ideal para diversas aplicaciones en la construcci\u00f3n, industria y hogar. Su acabado galvanizado le otorga una mayor protecci\u00f3n contra la corrosi\u00f3n y el desgaste.<\/p>\n","protected":false},"excerpt":{"rendered":"<p>La cadena galvanizada de 4mm con eslab\u00f3n largo de 1 metro es un elemento de sujeci\u00f3n resistente y duradero, ideal para diversas aplicaciones en la construcci\u00f3n, industria y hogar. Su acabado galvanizado le otorga una mayor protecci\u00f3n contra la corrosi\u00f3n y el desgaste.<\/p>\n","protected":false},"featured_media":34,"comment_status":"open","ping_status":"closed","template":"","meta":{"_joinchat":[]},"product_brand":[],"product_cat":[17],"product_tag":[],"class_list":{"0":"post-35","1":"product","2":"type-product","3":"status-publish","4":"has-post-thumbnail","6":"product_cat-ferreteria","8":"first","9":"instock","10":"shipping-taxable","11":"purchasable","12":"product-type-simple"},"ams_default_variation_id":0,"ams_product_points_reward":[],"ams_product_discount_percentage":0,"ams_price_to_display":1100,"ams_acf":[],"jetpack_sharing_enabled":true,"_links":{"self":[{"href":"https:\/\/solucionsolar.cl\/solar\/wp-json\/wp\/v2\/product\/35","targetHints":{"allow":["GET"]}}],"collection":[{"href":"https:\/\/solucionsolar.cl\/solar\/wp-json\/wp\/v2\/product"}],"about":[{"href":"https:\/\/solucionsolar.cl\/solar\/wp-json\/wp\/v2\/types\/product"}],"replies":[{"embeddable":true,"href":"https:\/\/solucionsolar.cl\/solar\/wp-json\/wp\/v2\/comments?post=35"}],"wp:featuredmedia":[{"embeddable":true,"href":"https:\/\/solucionsolar.cl\/solar\/wp-json\/wp\/v2\/media\/34"}],"wp:attachment":[{"href":"https:\/\/solucionsolar.cl\/solar\/wp-json\/wp\/v2\/media?parent=35"}],"wp:term":[{"taxonomy":"product_brand","embeddable":true,"href":"https:\/\/solucionsolar.cl\/solar\/wp-json\/wp\/v2\/product_brand?post=35"},{"taxonomy":"product_cat","embeddable":true,"href":"https:\/\/solucionsolar.cl\/solar\/wp-json\/wp\/v2\/product_cat?post=35"},{"taxonomy":"product_tag","embeddable":true,"href":"https:\/\/solucionsolar.cl\/solar\/wp-json\/wp\/v2\/product_tag?post=35"}],"curies":[{"name":"wp","href":"https:\/\/api.w.org\/{rel}","templated":true}]}}