{"id":350,"date":"2023-05-13T22:27:31","date_gmt":"2023-05-13T22:27:31","guid":{"rendered":"https:\/\/solucionsolar.cl\/solar\/producto\/kit-manga-termocontraible-100pcs-color-lexo\/"},"modified":"2023-05-13T22:27:31","modified_gmt":"2023-05-13T22:27:31","slug":"kit-manga-termocontraible-100pcs-color-lexo","status":"publish","type":"product","link":"https:\/\/solucionsolar.cl\/solar\/producto\/kit-manga-termocontraible-100pcs-color-lexo\/","title":{"rendered":"Kit manga termocontraible 100pcs Color LEXO"},"content":{"rendered":"<p>El kit manga termocontraible 100pcs Color LEXO es un conjunto de 100 piezas de tubos de contracci\u00f3n t\u00e9rmica en colores variados. Estos tubos est\u00e1n fabricados con poliolefina de alta calidad y se contraen al calentarse, proporcionando una protecci\u00f3n duradera y efectiva contra la humedad, la corrosi\u00f3n y otros agentes externos.<\/p>\n","protected":false},"excerpt":{"rendered":"<p>El kit manga termocontraible 100pcs Color LEXO es un conjunto de 100 piezas de tubos de contracci\u00f3n t\u00e9rmica en colores variados. Estos tubos est\u00e1n fabricados con poliolefina de alta calidad y se contraen al calentarse, proporcionando una protecci\u00f3n duradera y efectiva contra la humedad, la corrosi\u00f3n y otros agentes externos.<\/p>\n","protected":false},"featured_media":349,"comment_status":"open","ping_status":"closed","template":"","meta":{"_joinchat":[]},"product_brand":[],"product_cat":[16],"product_tag":[],"class_list":{"0":"post-350","1":"product","2":"type-product","3":"status-publish","4":"has-post-thumbnail","6":"product_cat-electricidad","8":"first","9":"instock","10":"shipping-taxable","11":"purchasable","12":"product-type-simple"},"ams_default_variation_id":0,"ams_product_points_reward":[],"ams_product_discount_percentage":0,"ams_price_to_display":3800,"ams_acf":[],"jetpack_sharing_enabled":true,"_links":{"self":[{"href":"https:\/\/solucionsolar.cl\/solar\/wp-json\/wp\/v2\/product\/350","targetHints":{"allow":["GET"]}}],"collection":[{"href":"https:\/\/solucionsolar.cl\/solar\/wp-json\/wp\/v2\/product"}],"about":[{"href":"https:\/\/solucionsolar.cl\/solar\/wp-json\/wp\/v2\/types\/product"}],"replies":[{"embeddable":true,"href":"https:\/\/solucionsolar.cl\/solar\/wp-json\/wp\/v2\/comments?post=350"}],"wp:featuredmedia":[{"embeddable":true,"href":"https:\/\/solucionsolar.cl\/solar\/wp-json\/wp\/v2\/media\/349"}],"wp:attachment":[{"href":"https:\/\/solucionsolar.cl\/solar\/wp-json\/wp\/v2\/media?parent=350"}],"wp:term":[{"taxonomy":"product_brand","embeddable":true,"href":"https:\/\/solucionsolar.cl\/solar\/wp-json\/wp\/v2\/product_brand?post=350"},{"taxonomy":"product_cat","embeddable":true,"href":"https:\/\/solucionsolar.cl\/solar\/wp-json\/wp\/v2\/product_cat?post=350"},{"taxonomy":"product_tag","embeddable":true,"href":"https:\/\/solucionsolar.cl\/solar\/wp-json\/wp\/v2\/product_tag?post=350"}],"curies":[{"name":"wp","href":"https:\/\/api.w.org\/{rel}","templated":true}]}}