{"id":37,"date":"2023-05-13T22:19:56","date_gmt":"2023-05-13T22:19:56","guid":{"rendered":"https:\/\/solucionsolar.cl\/solar\/producto\/tablero-sobrepuesto-pvc-8-polos-ebasee\/"},"modified":"2023-05-13T22:19:56","modified_gmt":"2023-05-13T22:19:56","slug":"tablero-sobrepuesto-pvc-8-polos-ebasee","status":"publish","type":"product","link":"https:\/\/solucionsolar.cl\/solar\/producto\/tablero-sobrepuesto-pvc-8-polos-ebasee\/","title":{"rendered":"Tablero sobrepuesto pvc 8 polos EBASEE"},"content":{"rendered":"<p>Es un dispositivo el\u00e9ctrico utilizado para la distribuci\u00f3n y protecci\u00f3n de circuitos el\u00e9ctricos en instalaciones de baja tensi\u00f3n.<\/p>\n<p>Este tablero cuenta con una carcasa fabricada en PVC de alta calidad, lo que le confiere una alta resistencia a la corrosi\u00f3n y a los impactos. Adem\u00e1s, su dise\u00f1o sobrepuesto permite una f\u00e1cil instalaci\u00f3n en superficies planas, lo que facilita su montaje en cualquier ubicaci\u00f3n deseada.<\/p>\n","protected":false},"excerpt":{"rendered":"<p>Es un dispositivo el\u00e9ctrico utilizado para la distribuci\u00f3n y protecci\u00f3n de circuitos el\u00e9ctricos en instalaciones de baja tensi\u00f3n. Este tablero cuenta con una carcasa fabricada en PVC de alta calidad, lo que le confiere una alta resistencia a la corrosi\u00f3n y a los impactos. Adem\u00e1s, su dise\u00f1o sobrepuesto permite una f\u00e1cil instalaci\u00f3n en superficies planas, lo que facilita su montaje [&hellip;]<\/p>\n","protected":false},"featured_media":36,"comment_status":"open","ping_status":"closed","template":"","meta":{"_joinchat":[]},"product_brand":[],"product_cat":[16],"product_tag":[],"class_list":{"0":"post-37","1":"product","2":"type-product","3":"status-publish","4":"has-post-thumbnail","6":"product_cat-electricidad","8":"first","9":"instock","10":"shipping-taxable","11":"purchasable","12":"product-type-simple"},"ams_default_variation_id":0,"ams_product_points_reward":[],"ams_product_discount_percentage":0,"ams_price_to_display":6000,"ams_acf":[],"jetpack_sharing_enabled":true,"_links":{"self":[{"href":"https:\/\/solucionsolar.cl\/solar\/wp-json\/wp\/v2\/product\/37","targetHints":{"allow":["GET"]}}],"collection":[{"href":"https:\/\/solucionsolar.cl\/solar\/wp-json\/wp\/v2\/product"}],"about":[{"href":"https:\/\/solucionsolar.cl\/solar\/wp-json\/wp\/v2\/types\/product"}],"replies":[{"embeddable":true,"href":"https:\/\/solucionsolar.cl\/solar\/wp-json\/wp\/v2\/comments?post=37"}],"wp:featuredmedia":[{"embeddable":true,"href":"https:\/\/solucionsolar.cl\/solar\/wp-json\/wp\/v2\/media\/36"}],"wp:attachment":[{"href":"https:\/\/solucionsolar.cl\/solar\/wp-json\/wp\/v2\/media?parent=37"}],"wp:term":[{"taxonomy":"product_brand","embeddable":true,"href":"https:\/\/solucionsolar.cl\/solar\/wp-json\/wp\/v2\/product_brand?post=37"},{"taxonomy":"product_cat","embeddable":true,"href":"https:\/\/solucionsolar.cl\/solar\/wp-json\/wp\/v2\/product_cat?post=37"},{"taxonomy":"product_tag","embeddable":true,"href":"https:\/\/solucionsolar.cl\/solar\/wp-json\/wp\/v2\/product_tag?post=37"}],"curies":[{"name":"wp","href":"https:\/\/api.w.org\/{rel}","templated":true}]}}