{"id":370,"date":"2023-05-13T22:27:54","date_gmt":"2023-05-13T22:27:54","guid":{"rendered":"https:\/\/solucionsolar.cl\/solar\/producto\/pulsador-parada-de-emergencia-hongo-1nc-22mm-lexo\/"},"modified":"2023-05-13T22:27:54","modified_gmt":"2023-05-13T22:27:54","slug":"pulsador-parada-de-emergencia-hongo-1nc-22mm-lexo","status":"publish","type":"product","link":"https:\/\/solucionsolar.cl\/solar\/producto\/pulsador-parada-de-emergencia-hongo-1nc-22mm-lexo\/","title":{"rendered":"Pulsador Parada de emergencia Hongo 1NC 22mm LEXO"},"content":{"rendered":"<p>El pulsador de parada de emergencia LEXO con forma de hongo y un contacto normalmente cerrado (1NC) es un dispositivo de seguridad esencial en cualquier entorno industrial o comercial. Dise\u00f1ado para ser accionado en caso de emergencia, este pulsador es f\u00e1cil de usar y su forma de hongo lo hace f\u00e1cilmente visible para los usuarios.<\/p>\n","protected":false},"excerpt":{"rendered":"<p>El pulsador de parada de emergencia LEXO con forma de hongo y un contacto normalmente cerrado (1NC) es un dispositivo de seguridad esencial en cualquier entorno industrial o comercial. Dise\u00f1ado para ser accionado en caso de emergencia, este pulsador es f\u00e1cil de usar y su forma de hongo lo hace f\u00e1cilmente visible para los usuarios.<\/p>\n","protected":false},"featured_media":369,"comment_status":"open","ping_status":"closed","template":"","meta":{"_joinchat":[]},"product_brand":[],"product_cat":[36],"product_tag":[],"class_list":{"0":"post-370","1":"product","2":"type-product","3":"status-publish","4":"has-post-thumbnail","6":"product_cat-seguridad","8":"first","9":"instock","10":"shipping-taxable","11":"purchasable","12":"product-type-simple"},"ams_default_variation_id":0,"ams_product_points_reward":[],"ams_product_discount_percentage":0,"ams_price_to_display":2500,"ams_acf":[],"jetpack_sharing_enabled":true,"_links":{"self":[{"href":"https:\/\/solucionsolar.cl\/solar\/wp-json\/wp\/v2\/product\/370","targetHints":{"allow":["GET"]}}],"collection":[{"href":"https:\/\/solucionsolar.cl\/solar\/wp-json\/wp\/v2\/product"}],"about":[{"href":"https:\/\/solucionsolar.cl\/solar\/wp-json\/wp\/v2\/types\/product"}],"replies":[{"embeddable":true,"href":"https:\/\/solucionsolar.cl\/solar\/wp-json\/wp\/v2\/comments?post=370"}],"wp:featuredmedia":[{"embeddable":true,"href":"https:\/\/solucionsolar.cl\/solar\/wp-json\/wp\/v2\/media\/369"}],"wp:attachment":[{"href":"https:\/\/solucionsolar.cl\/solar\/wp-json\/wp\/v2\/media?parent=370"}],"wp:term":[{"taxonomy":"product_brand","embeddable":true,"href":"https:\/\/solucionsolar.cl\/solar\/wp-json\/wp\/v2\/product_brand?post=370"},{"taxonomy":"product_cat","embeddable":true,"href":"https:\/\/solucionsolar.cl\/solar\/wp-json\/wp\/v2\/product_cat?post=370"},{"taxonomy":"product_tag","embeddable":true,"href":"https:\/\/solucionsolar.cl\/solar\/wp-json\/wp\/v2\/product_tag?post=370"}],"curies":[{"name":"wp","href":"https:\/\/api.w.org\/{rel}","templated":true}]}}