{"id":372,"date":"2023-05-13T22:27:57","date_gmt":"2023-05-13T22:27:57","guid":{"rendered":"https:\/\/solucionsolar.cl\/solar\/producto\/manga-termocontraible-6mm-negra-1mt\/"},"modified":"2023-05-13T22:27:57","modified_gmt":"2023-05-13T22:27:57","slug":"manga-termocontraible-6mm-negra-1mt","status":"publish","type":"product","link":"https:\/\/solucionsolar.cl\/solar\/producto\/manga-termocontraible-6mm-negra-1mt\/","title":{"rendered":"Manga termocontraible 6mm Negra (1mt)"},"content":{"rendered":"<p>La manga termocontraible 6mm Negra es un tubo de poliolefina con una relaci\u00f3n de contracci\u00f3n de 2:1 que se encoge cuando se aplica calor. Tiene un di\u00e1metro inicial de 6mm y una longitud de 1 metro. Este tipo de manga se utiliza para proteger y aislar cables el\u00e9ctricos y electr\u00f3nicos, ya que proporciona una barrera resistente a la humedad, la abrasi\u00f3n y otros agentes externos.<\/p>\n","protected":false},"excerpt":{"rendered":"<p>La manga termocontraible 6mm Negra es un tubo de poliolefina con una relaci\u00f3n de contracci\u00f3n de 2:1 que se encoge cuando se aplica calor. Tiene un di\u00e1metro inicial de 6mm y una longitud de 1 metro. Este tipo de manga se utiliza para proteger y aislar cables el\u00e9ctricos y electr\u00f3nicos, ya que proporciona una barrera resistente a la humedad, la [&hellip;]<\/p>\n","protected":false},"featured_media":371,"comment_status":"open","ping_status":"closed","template":"","meta":{"_joinchat":[]},"product_brand":[],"product_cat":[16],"product_tag":[],"class_list":{"0":"post-372","1":"product","2":"type-product","3":"status-publish","4":"has-post-thumbnail","6":"product_cat-electricidad","8":"first","9":"instock","10":"shipping-taxable","11":"purchasable","12":"product-type-simple"},"ams_default_variation_id":0,"ams_product_points_reward":[],"ams_product_discount_percentage":0,"ams_price_to_display":250,"ams_acf":[],"jetpack_sharing_enabled":true,"_links":{"self":[{"href":"https:\/\/solucionsolar.cl\/solar\/wp-json\/wp\/v2\/product\/372","targetHints":{"allow":["GET"]}}],"collection":[{"href":"https:\/\/solucionsolar.cl\/solar\/wp-json\/wp\/v2\/product"}],"about":[{"href":"https:\/\/solucionsolar.cl\/solar\/wp-json\/wp\/v2\/types\/product"}],"replies":[{"embeddable":true,"href":"https:\/\/solucionsolar.cl\/solar\/wp-json\/wp\/v2\/comments?post=372"}],"wp:featuredmedia":[{"embeddable":true,"href":"https:\/\/solucionsolar.cl\/solar\/wp-json\/wp\/v2\/media\/371"}],"wp:attachment":[{"href":"https:\/\/solucionsolar.cl\/solar\/wp-json\/wp\/v2\/media?parent=372"}],"wp:term":[{"taxonomy":"product_brand","embeddable":true,"href":"https:\/\/solucionsolar.cl\/solar\/wp-json\/wp\/v2\/product_brand?post=372"},{"taxonomy":"product_cat","embeddable":true,"href":"https:\/\/solucionsolar.cl\/solar\/wp-json\/wp\/v2\/product_cat?post=372"},{"taxonomy":"product_tag","embeddable":true,"href":"https:\/\/solucionsolar.cl\/solar\/wp-json\/wp\/v2\/product_tag?post=372"}],"curies":[{"name":"wp","href":"https:\/\/api.w.org\/{rel}","templated":true}]}}