{"id":39,"date":"2023-05-13T22:20:02","date_gmt":"2023-05-13T22:20:02","guid":{"rendered":"https:\/\/solucionsolar.cl\/solar\/producto\/regleta-de-conexion-bronce-aislada-para-riel-din-8-polos-colores\/"},"modified":"2023-05-13T22:20:02","modified_gmt":"2023-05-13T22:20:02","slug":"regleta-de-conexion-bronce-aislada-para-riel-din-8-polos-colores","status":"publish","type":"product","link":"https:\/\/solucionsolar.cl\/solar\/producto\/regleta-de-conexion-bronce-aislada-para-riel-din-8-polos-colores\/","title":{"rendered":"Regleta de conexi\u00f3n bronce aislada para riel DIN 8 Polos Colores"},"content":{"rendered":"<p>Es un dispositivo utilizado en instalaciones el\u00e9ctricas para la conexi\u00f3n de cables y la distribuci\u00f3n de energ\u00eda el\u00e9ctrica.<\/p>\n<p>Esta regleta se caracteriza por tener 8 polos y estar dise\u00f1ada para su instalaci\u00f3n en rieles DIN, lo que permite una f\u00e1cil integraci\u00f3n en diferentes sistemas de distribuci\u00f3n de energ\u00eda el\u00e9ctrica.<\/p>\n","protected":false},"excerpt":{"rendered":"<p>Es un dispositivo utilizado en instalaciones el\u00e9ctricas para la conexi\u00f3n de cables y la distribuci\u00f3n de energ\u00eda el\u00e9ctrica. Esta regleta se caracteriza por tener 8 polos y estar dise\u00f1ada para su instalaci\u00f3n en rieles DIN, lo que permite una f\u00e1cil integraci\u00f3n en diferentes sistemas de distribuci\u00f3n de energ\u00eda el\u00e9ctrica.<\/p>\n","protected":false},"featured_media":38,"comment_status":"open","ping_status":"closed","template":"","meta":{"_joinchat":[]},"product_brand":[],"product_cat":[16],"product_tag":[],"class_list":{"0":"post-39","1":"product","2":"type-product","3":"status-publish","4":"has-post-thumbnail","6":"product_cat-electricidad","8":"first","9":"instock","10":"shipping-taxable","11":"purchasable","12":"product-type-simple"},"ams_default_variation_id":0,"ams_product_points_reward":[],"ams_product_discount_percentage":0,"ams_price_to_display":1300,"ams_acf":[],"jetpack_sharing_enabled":true,"_links":{"self":[{"href":"https:\/\/solucionsolar.cl\/solar\/wp-json\/wp\/v2\/product\/39","targetHints":{"allow":["GET"]}}],"collection":[{"href":"https:\/\/solucionsolar.cl\/solar\/wp-json\/wp\/v2\/product"}],"about":[{"href":"https:\/\/solucionsolar.cl\/solar\/wp-json\/wp\/v2\/types\/product"}],"replies":[{"embeddable":true,"href":"https:\/\/solucionsolar.cl\/solar\/wp-json\/wp\/v2\/comments?post=39"}],"wp:featuredmedia":[{"embeddable":true,"href":"https:\/\/solucionsolar.cl\/solar\/wp-json\/wp\/v2\/media\/38"}],"wp:attachment":[{"href":"https:\/\/solucionsolar.cl\/solar\/wp-json\/wp\/v2\/media?parent=39"}],"wp:term":[{"taxonomy":"product_brand","embeddable":true,"href":"https:\/\/solucionsolar.cl\/solar\/wp-json\/wp\/v2\/product_brand?post=39"},{"taxonomy":"product_cat","embeddable":true,"href":"https:\/\/solucionsolar.cl\/solar\/wp-json\/wp\/v2\/product_cat?post=39"},{"taxonomy":"product_tag","embeddable":true,"href":"https:\/\/solucionsolar.cl\/solar\/wp-json\/wp\/v2\/product_tag?post=39"}],"curies":[{"name":"wp","href":"https:\/\/api.w.org\/{rel}","templated":true}]}}