{"id":392,"date":"2023-05-13T22:28:36","date_gmt":"2023-05-13T22:28:36","guid":{"rendered":"https:\/\/solucionsolar.cl\/solar\/producto\/mascara-de-soldar-fotosensible-providus\/"},"modified":"2023-05-13T22:28:36","modified_gmt":"2023-05-13T22:28:36","slug":"mascara-de-soldar-fotosensible-providus","status":"publish","type":"product","link":"https:\/\/solucionsolar.cl\/solar\/producto\/mascara-de-soldar-fotosensible-providus\/","title":{"rendered":"M\u00e1scara de soldar fotosensible PROVIDUS"},"content":{"rendered":"<p>La m\u00e1scara de soldar fotosensible PROVIDUS es un equipo de protecci\u00f3n personal dise\u00f1ado espec\u00edficamente para su uso en soldadura. Con una pantalla que cambia autom\u00e1ticamente de claro a oscuro en fracciones de segundo cuando se detecta la luz del arco de soldadura, esta m\u00e1scara proporciona una protecci\u00f3n ocular \u00f3ptima sin causar fatiga ocular. Su dise\u00f1o ligero y c\u00f3modo permite un uso prolongado sin causar incomodidad, y su correa ajustable se adapta a cualquier tama\u00f1o de cabeza. Adem\u00e1s, cuenta con una carcasa resistente a los impactos que protege contra los peligros asociados con la soldadura, como las chispas y los rayos UV. En general, es una excelente opci\u00f3n para aquellos que buscan una protecci\u00f3n ocular confiable y c\u00f3moda durante la soldadura con la ventaja de que no es necesario levantarse la m\u00e1scara para revisar la soldadura.<\/p>\n","protected":false},"excerpt":{"rendered":"<p>La m\u00e1scara de soldar fotosensible PROVIDUS es un equipo de protecci\u00f3n personal dise\u00f1ado espec\u00edficamente para su uso en soldadura. Con una pantalla que cambia autom\u00e1ticamente de claro a oscuro en fracciones de segundo cuando se detecta la luz del arco de soldadura, esta m\u00e1scara proporciona una protecci\u00f3n ocular \u00f3ptima sin causar fatiga ocular. Su dise\u00f1o ligero y c\u00f3modo permite un [&hellip;]<\/p>\n","protected":false},"featured_media":391,"comment_status":"open","ping_status":"closed","template":"","meta":{"_joinchat":[]},"product_brand":[],"product_cat":[27,17],"product_tag":[],"class_list":{"0":"post-392","1":"product","2":"type-product","3":"status-publish","4":"has-post-thumbnail","6":"product_cat-epp","7":"product_cat-ferreteria","9":"first","10":"instock","11":"shipping-taxable","12":"purchasable","13":"product-type-simple"},"ams_default_variation_id":0,"ams_product_points_reward":[],"ams_product_discount_percentage":0,"ams_price_to_display":24800,"ams_acf":[],"jetpack_sharing_enabled":true,"_links":{"self":[{"href":"https:\/\/solucionsolar.cl\/solar\/wp-json\/wp\/v2\/product\/392","targetHints":{"allow":["GET"]}}],"collection":[{"href":"https:\/\/solucionsolar.cl\/solar\/wp-json\/wp\/v2\/product"}],"about":[{"href":"https:\/\/solucionsolar.cl\/solar\/wp-json\/wp\/v2\/types\/product"}],"replies":[{"embeddable":true,"href":"https:\/\/solucionsolar.cl\/solar\/wp-json\/wp\/v2\/comments?post=392"}],"wp:featuredmedia":[{"embeddable":true,"href":"https:\/\/solucionsolar.cl\/solar\/wp-json\/wp\/v2\/media\/391"}],"wp:attachment":[{"href":"https:\/\/solucionsolar.cl\/solar\/wp-json\/wp\/v2\/media?parent=392"}],"wp:term":[{"taxonomy":"product_brand","embeddable":true,"href":"https:\/\/solucionsolar.cl\/solar\/wp-json\/wp\/v2\/product_brand?post=392"},{"taxonomy":"product_cat","embeddable":true,"href":"https:\/\/solucionsolar.cl\/solar\/wp-json\/wp\/v2\/product_cat?post=392"},{"taxonomy":"product_tag","embeddable":true,"href":"https:\/\/solucionsolar.cl\/solar\/wp-json\/wp\/v2\/product_tag?post=392"}],"curies":[{"name":"wp","href":"https:\/\/api.w.org\/{rel}","templated":true}]}}