{"id":406,"date":"2023-05-13T22:28:54","date_gmt":"2023-05-13T22:28:54","guid":{"rendered":"https:\/\/solucionsolar.cl\/solar\/producto\/cinta-teflon-1-2-12mmx10mt-agua-tigre\/"},"modified":"2023-05-13T22:28:54","modified_gmt":"2023-05-13T22:28:54","slug":"cinta-teflon-1-2-12mmx10mt-agua-tigre","status":"publish","type":"product","link":"https:\/\/solucionsolar.cl\/solar\/producto\/cinta-teflon-1-2-12mmx10mt-agua-tigre\/","title":{"rendered":"Cinta tefl\u00f3n 1\/2&#8243; 12mmx10mt (agua) TIGRE"},"content":{"rendered":"<p>La cinta de tefl\u00f3n TIGRE de 1\/2&#8243; (12mm) x 10 metros es una cinta de sellado que se utiliza com\u00fanmente en aplicaciones de fontaner\u00eda y plomer\u00eda. Est\u00e1 dise\u00f1ada para ser resistente al agua y proporcionar un sellado herm\u00e9tico en roscas y conexiones de tuber\u00edas. La cinta de tefl\u00f3n es f\u00e1cil de aplicar y ayuda a prevenir fugas de l\u00edquidos y gases en tuber\u00edas y accesorios.<\/p>\n","protected":false},"excerpt":{"rendered":"<p>La cinta de tefl\u00f3n TIGRE de 1\/2&#8243; (12mm) x 10 metros es una cinta de sellado que se utiliza com\u00fanmente en aplicaciones de fontaner\u00eda y plomer\u00eda. Est\u00e1 dise\u00f1ada para ser resistente al agua y proporcionar un sellado herm\u00e9tico en roscas y conexiones de tuber\u00edas. La cinta de tefl\u00f3n es f\u00e1cil de aplicar y ayuda a prevenir fugas de l\u00edquidos y [&hellip;]<\/p>\n","protected":false},"featured_media":405,"comment_status":"open","ping_status":"closed","template":"","meta":{"_joinchat":[]},"product_brand":[],"product_cat":[25,17],"product_tag":[],"class_list":{"0":"post-406","1":"product","2":"type-product","3":"status-publish","4":"has-post-thumbnail","6":"product_cat-cintas","7":"product_cat-ferreteria","9":"first","10":"instock","11":"shipping-taxable","12":"purchasable","13":"product-type-simple"},"ams_default_variation_id":0,"ams_product_points_reward":[],"ams_product_discount_percentage":0,"ams_price_to_display":300,"ams_acf":[],"jetpack_sharing_enabled":true,"_links":{"self":[{"href":"https:\/\/solucionsolar.cl\/solar\/wp-json\/wp\/v2\/product\/406","targetHints":{"allow":["GET"]}}],"collection":[{"href":"https:\/\/solucionsolar.cl\/solar\/wp-json\/wp\/v2\/product"}],"about":[{"href":"https:\/\/solucionsolar.cl\/solar\/wp-json\/wp\/v2\/types\/product"}],"replies":[{"embeddable":true,"href":"https:\/\/solucionsolar.cl\/solar\/wp-json\/wp\/v2\/comments?post=406"}],"wp:featuredmedia":[{"embeddable":true,"href":"https:\/\/solucionsolar.cl\/solar\/wp-json\/wp\/v2\/media\/405"}],"wp:attachment":[{"href":"https:\/\/solucionsolar.cl\/solar\/wp-json\/wp\/v2\/media?parent=406"}],"wp:term":[{"taxonomy":"product_brand","embeddable":true,"href":"https:\/\/solucionsolar.cl\/solar\/wp-json\/wp\/v2\/product_brand?post=406"},{"taxonomy":"product_cat","embeddable":true,"href":"https:\/\/solucionsolar.cl\/solar\/wp-json\/wp\/v2\/product_cat?post=406"},{"taxonomy":"product_tag","embeddable":true,"href":"https:\/\/solucionsolar.cl\/solar\/wp-json\/wp\/v2\/product_tag?post=406"}],"curies":[{"name":"wp","href":"https:\/\/api.w.org\/{rel}","templated":true}]}}