{"id":408,"date":"2023-05-13T22:28:58","date_gmt":"2023-05-13T22:28:58","guid":{"rendered":"https:\/\/solucionsolar.cl\/solar\/producto\/sensor-de-movimiento-para-muro-cielo-infrarrojo-180-vkb\/"},"modified":"2023-05-13T22:28:58","modified_gmt":"2023-05-13T22:28:58","slug":"sensor-de-movimiento-para-muro-cielo-infrarrojo-180-vkb","status":"publish","type":"product","link":"https:\/\/solucionsolar.cl\/solar\/producto\/sensor-de-movimiento-para-muro-cielo-infrarrojo-180-vkb\/","title":{"rendered":"Sensor de Movimiento para muro\/cielo infrarrojo 180\u00b0 VKB"},"content":{"rendered":"<p>El sensor de movimiento VKB para muro\/cielo utiliza tecnolog\u00eda infrarroja para detectar el movimiento de personas o veh\u00edculos en un \u00e1rea de 180 grados. Este sensor es ideal para su uso en sistemas de seguridad y control de acceso en edificios y espacios comerciales. El sensor VKB es altamente preciso y puede detectar incluso el movimiento m\u00e1s sutil, lo que lo hace eficiente en el ahorro de energ\u00eda.<\/p>\n","protected":false},"excerpt":{"rendered":"<p>El sensor de movimiento VKB para muro\/cielo utiliza tecnolog\u00eda infrarroja para detectar el movimiento de personas o veh\u00edculos en un \u00e1rea de 180 grados. Este sensor es ideal para su uso en sistemas de seguridad y control de acceso en edificios y espacios comerciales. El sensor VKB es altamente preciso y puede detectar incluso el movimiento m\u00e1s sutil, lo que [&hellip;]<\/p>\n","protected":false},"featured_media":407,"comment_status":"open","ping_status":"closed","template":"","meta":{"_joinchat":[]},"product_brand":[],"product_cat":[36],"product_tag":[],"class_list":{"0":"post-408","1":"product","2":"type-product","3":"status-publish","4":"has-post-thumbnail","6":"product_cat-seguridad","8":"first","9":"instock","10":"shipping-taxable","11":"purchasable","12":"product-type-simple"},"ams_default_variation_id":0,"ams_product_points_reward":[],"ams_product_discount_percentage":0,"ams_price_to_display":7300,"ams_acf":[],"jetpack_sharing_enabled":true,"_links":{"self":[{"href":"https:\/\/solucionsolar.cl\/solar\/wp-json\/wp\/v2\/product\/408","targetHints":{"allow":["GET"]}}],"collection":[{"href":"https:\/\/solucionsolar.cl\/solar\/wp-json\/wp\/v2\/product"}],"about":[{"href":"https:\/\/solucionsolar.cl\/solar\/wp-json\/wp\/v2\/types\/product"}],"replies":[{"embeddable":true,"href":"https:\/\/solucionsolar.cl\/solar\/wp-json\/wp\/v2\/comments?post=408"}],"wp:featuredmedia":[{"embeddable":true,"href":"https:\/\/solucionsolar.cl\/solar\/wp-json\/wp\/v2\/media\/407"}],"wp:attachment":[{"href":"https:\/\/solucionsolar.cl\/solar\/wp-json\/wp\/v2\/media?parent=408"}],"wp:term":[{"taxonomy":"product_brand","embeddable":true,"href":"https:\/\/solucionsolar.cl\/solar\/wp-json\/wp\/v2\/product_brand?post=408"},{"taxonomy":"product_cat","embeddable":true,"href":"https:\/\/solucionsolar.cl\/solar\/wp-json\/wp\/v2\/product_cat?post=408"},{"taxonomy":"product_tag","embeddable":true,"href":"https:\/\/solucionsolar.cl\/solar\/wp-json\/wp\/v2\/product_tag?post=408"}],"curies":[{"name":"wp","href":"https:\/\/api.w.org\/{rel}","templated":true}]}}