{"id":410,"date":"2023-05-13T22:29:04","date_gmt":"2023-05-13T22:29:04","guid":{"rendered":"https:\/\/solucionsolar.cl\/solar\/producto\/sirena-mini-100db-220v-roja-lexo\/"},"modified":"2023-05-13T22:29:04","modified_gmt":"2023-05-13T22:29:04","slug":"sirena-mini-100db-220v-roja-lexo","status":"publish","type":"product","link":"https:\/\/solucionsolar.cl\/solar\/producto\/sirena-mini-100db-220v-roja-lexo\/","title":{"rendered":"Sirena mini 100DB 220V Roja Lexo"},"content":{"rendered":"<p>La sirena mini LEXO de 100DB y 220V en color rojo es un dispositivo de se\u00f1alizaci\u00f3n ac\u00fastica que se utiliza en entornos industriales y comerciales para alertar a las personas en caso de emergencia. Con su potente sonido de 100DB, es capaz de captar la atenci\u00f3n de las personas en un \u00e1rea amplia, lo que lo hace muy efectivo en situaciones de emergencia.<\/p>\n","protected":false},"excerpt":{"rendered":"<p>La sirena mini LEXO de 100DB y 220V en color rojo es un dispositivo de se\u00f1alizaci\u00f3n ac\u00fastica que se utiliza en entornos industriales y comerciales para alertar a las personas en caso de emergencia. Con su potente sonido de 100DB, es capaz de captar la atenci\u00f3n de las personas en un \u00e1rea amplia, lo que lo hace muy efectivo en [&hellip;]<\/p>\n","protected":false},"featured_media":409,"comment_status":"open","ping_status":"closed","template":"","meta":{"_joinchat":[]},"product_brand":[],"product_cat":[36],"product_tag":[],"class_list":{"0":"post-410","1":"product","2":"type-product","3":"status-publish","4":"has-post-thumbnail","6":"product_cat-seguridad","8":"first","9":"instock","10":"shipping-taxable","11":"purchasable","12":"product-type-simple"},"ams_default_variation_id":0,"ams_product_points_reward":[],"ams_product_discount_percentage":0,"ams_price_to_display":9500,"ams_acf":[],"jetpack_sharing_enabled":true,"_links":{"self":[{"href":"https:\/\/solucionsolar.cl\/solar\/wp-json\/wp\/v2\/product\/410","targetHints":{"allow":["GET"]}}],"collection":[{"href":"https:\/\/solucionsolar.cl\/solar\/wp-json\/wp\/v2\/product"}],"about":[{"href":"https:\/\/solucionsolar.cl\/solar\/wp-json\/wp\/v2\/types\/product"}],"replies":[{"embeddable":true,"href":"https:\/\/solucionsolar.cl\/solar\/wp-json\/wp\/v2\/comments?post=410"}],"wp:featuredmedia":[{"embeddable":true,"href":"https:\/\/solucionsolar.cl\/solar\/wp-json\/wp\/v2\/media\/409"}],"wp:attachment":[{"href":"https:\/\/solucionsolar.cl\/solar\/wp-json\/wp\/v2\/media?parent=410"}],"wp:term":[{"taxonomy":"product_brand","embeddable":true,"href":"https:\/\/solucionsolar.cl\/solar\/wp-json\/wp\/v2\/product_brand?post=410"},{"taxonomy":"product_cat","embeddable":true,"href":"https:\/\/solucionsolar.cl\/solar\/wp-json\/wp\/v2\/product_cat?post=410"},{"taxonomy":"product_tag","embeddable":true,"href":"https:\/\/solucionsolar.cl\/solar\/wp-json\/wp\/v2\/product_tag?post=410"}],"curies":[{"name":"wp","href":"https:\/\/api.w.org\/{rel}","templated":true}]}}