{"id":416,"date":"2023-05-13T22:29:08","date_gmt":"2023-05-13T22:29:08","guid":{"rendered":"https:\/\/solucionsolar.cl\/solar\/producto\/pulsador-parada-de-emergencia-hongo-metalico-1nc-22mm-lexo\/"},"modified":"2023-05-13T22:29:08","modified_gmt":"2023-05-13T22:29:08","slug":"pulsador-parada-de-emergencia-hongo-metalico-1nc-22mm-lexo","status":"publish","type":"product","link":"https:\/\/solucionsolar.cl\/solar\/producto\/pulsador-parada-de-emergencia-hongo-metalico-1nc-22mm-lexo\/","title":{"rendered":"Pulsador Parada de emergencia Hongo met\u00e1lico 1NC 22mm LEXO"},"content":{"rendered":"<p>El pulsador de parada de emergencia LEXO con hongo met\u00e1lico de 22mm y 1NC es un dispositivo de seguridad dise\u00f1ado para su uso en maquinarias y equipos industriales. Con su dise\u00f1o de hongo met\u00e1lico f\u00e1cilmente visible y accesible, permite a los trabajadores detener de manera r\u00e1pida y segura cualquier equipo en caso de emergencia. El pulsador cuenta con un bot\u00f3n de parada de emergencia de 22mm y una sola posici\u00f3n de contacto normalmente cerrado (1NC), lo que garantiza que el equipo se detendr\u00e1 inmediatamente al presionar el bot\u00f3n.<\/p>\n","protected":false},"excerpt":{"rendered":"<p>El pulsador de parada de emergencia LEXO con hongo met\u00e1lico de 22mm y 1NC es un dispositivo de seguridad dise\u00f1ado para su uso en maquinarias y equipos industriales. Con su dise\u00f1o de hongo met\u00e1lico f\u00e1cilmente visible y accesible, permite a los trabajadores detener de manera r\u00e1pida y segura cualquier equipo en caso de emergencia. El pulsador cuenta con un bot\u00f3n [&hellip;]<\/p>\n","protected":false},"featured_media":415,"comment_status":"open","ping_status":"closed","template":"","meta":{"_joinchat":[]},"product_brand":[],"product_cat":[36],"product_tag":[],"class_list":{"0":"post-416","1":"product","2":"type-product","3":"status-publish","4":"has-post-thumbnail","6":"product_cat-seguridad","8":"first","9":"instock","10":"shipping-taxable","11":"purchasable","12":"product-type-simple"},"ams_default_variation_id":0,"ams_product_points_reward":[],"ams_product_discount_percentage":0,"ams_price_to_display":2500,"ams_acf":[],"jetpack_sharing_enabled":true,"_links":{"self":[{"href":"https:\/\/solucionsolar.cl\/solar\/wp-json\/wp\/v2\/product\/416","targetHints":{"allow":["GET"]}}],"collection":[{"href":"https:\/\/solucionsolar.cl\/solar\/wp-json\/wp\/v2\/product"}],"about":[{"href":"https:\/\/solucionsolar.cl\/solar\/wp-json\/wp\/v2\/types\/product"}],"replies":[{"embeddable":true,"href":"https:\/\/solucionsolar.cl\/solar\/wp-json\/wp\/v2\/comments?post=416"}],"wp:featuredmedia":[{"embeddable":true,"href":"https:\/\/solucionsolar.cl\/solar\/wp-json\/wp\/v2\/media\/415"}],"wp:attachment":[{"href":"https:\/\/solucionsolar.cl\/solar\/wp-json\/wp\/v2\/media?parent=416"}],"wp:term":[{"taxonomy":"product_brand","embeddable":true,"href":"https:\/\/solucionsolar.cl\/solar\/wp-json\/wp\/v2\/product_brand?post=416"},{"taxonomy":"product_cat","embeddable":true,"href":"https:\/\/solucionsolar.cl\/solar\/wp-json\/wp\/v2\/product_cat?post=416"},{"taxonomy":"product_tag","embeddable":true,"href":"https:\/\/solucionsolar.cl\/solar\/wp-json\/wp\/v2\/product_tag?post=416"}],"curies":[{"name":"wp","href":"https:\/\/api.w.org\/{rel}","templated":true}]}}